{"id":8707,"date":"2021-06-12T03:41:13","date_gmt":"2021-06-12T03:41:13","guid":{"rendered":"https:\/\/administrateursrdc.com\/v\/?page_id=8707"},"modified":"2022-02-15T19:34:28","modified_gmt":"2022-02-15T19:34:28","slug":"pour-devenir-membre-de-notre-asbl","status":"publish","type":"page","link":"https:\/\/administrateursrdc.com\/v\/pour-devenir-membre-de-notre-asbl\/","title":{"rendered":"Pour devenir membre de notre ASBL"},"content":{"rendered":"<p>[vc_row full_width=&#8221;stretch_row&#8221; gap=&#8221;25&#8243; equal_height=&#8221;yes&#8221; content_placement=&#8221;top&#8221; css_animation=&#8221;none&#8221; css=&#8221;.vc_custom_1538632069444{margin-top: 0px !important;margin-right: -12px !important;margin-bottom: 0px !important;margin-left: -12px !important;padding-top: 90px !important;padding-bottom: 90px !important;background-color: #f5f7f9 !important;}&#8221;][vc_column css=&#8221;.vc_custom_1538733871499{margin-top: 0px !important;margin-bottom: 0px !important;border-top-width: 1px !important;border-right-width: 1px !important;border-bottom-width: 1px !important;border-left-width: 1px !important;padding-top: 30px !important;padding-right: 30px !important;padding-bottom: 37px !important;padding-left: 30px !important;background-color: #ffffff !important;border-left-color: #e1e1e1 !important;border-left-style: solid !important;border-right-color: #e1e1e1 !important;border-right-style: solid !important;border-top-color: #e1e1e1 !important;border-top-style: solid !important;border-bottom-color: #e1e1e1 !important;border-bottom-style: solid !important;}&#8221; offset=&#8221;vc_col-lg-8 vc_col-md-8 vc_col-xs-12&#8243;][vc_custom_heading text=&#8221;Pour devenir membre de notre ASBL&#8221; font_container=&#8221;tag:h2|font_size:26px|text_align:left|color:%23202020&#8243; use_theme_fonts=&#8221;yes&#8221; css_animation=&#8221;none&#8221; css=&#8221;.vc_custom_1623469369192{margin-top: 0px !important;margin-bottom: 7px !important;}&#8221; el_class=&#8221;font-weight-bold&#8221;][vc_column_text css_animation=&#8221;none&#8221; css=&#8221;.vc_custom_1623815935612{margin-top: 0px !important;margin-bottom: 18px !important;}&#8221;]Pour devenir membre de notre ASBL, il convient de remplir les conditions suivantes\u00a0:[\/vc_column_text][vc_column_text css_animation=&#8221;none&#8221; css=&#8221;.vc_custom_1644952940226{margin-top: 0px !important;margin-bottom: 18px !important;}&#8221;]- \u00catre majeur.<\/p>\n<p>&#8211; Justifier d\u2019au moins un parrainage d\u2019un membre effectif de notre Association.<\/p>\n<p>&#8211; Avoir une exp\u00e9rience professionnelle av\u00e9r\u00e9e (au moins dix ans) dans un ou plusieurs secteurs de la vie \u00e9conomique, en RD Congo et\/ou \u00e0 l\u2019\u00e9tranger.<\/p>\n<p>&#8211; Poss\u00e9der de solides aptitudes dans la gestion d\u2019entreprise constitue un atout appr\u00e9ciable.<\/p>\n<p>&#8211; Ne pas avoir fait l\u2019objet de sanctions li\u00e9es \u00e0 des activit\u00e9s de blanchiment de capitaux ou de financement du terrorisme, tant en RD Congo qu\u2019\u00e0 l\u2019\u00e9tranger.[\/vc_column_text][vc_column_text css_animation=&#8221;none&#8221; css=&#8221;.vc_custom_1644953061827{margin-top: 0px !important;margin-bottom: 18px !important;}&#8221;]L\u2019analyse de tout dossier de candidature se fera par le <a href=\"https:\/\/administrateursrdc.com\/v\/nos-fondateurs\/\">Comit\u00e9 ex\u00e9cutif de l&#8217;Association des Administrateurs du Congo<\/a> qui prendra soin d\u2019agir en toute objectivit\u00e9. Toutefois, notre comit\u00e9 se r\u00e9serve le droit de ne pas retenir une candidature sans avoir \u00e0 en justifier le motif.<\/p>\n<p>&nbsp;<\/p>\n<p>[\/vc_column_text][\/vc_column][\/vc_row]<\/p>\n","protected":false},"excerpt":{"rendered":"<p>[vc_row full_width=&#8221;stretch_row&#8221; gap=&#8221;25&#8243; equal_height=&#8221;yes&#8221; content_placement=&#8221;top&#8221; css_animation=&#8221;none&#8221; css=&#8221;.vc_custom_1538632069444{margin-top: 0px !important;margin-right: -12px !important;margin-bottom: 0px !important;margin-left: -12px !important;padding-top: 90px !important;padding-bottom: 90px !important;background-color: #f5f7f9 !important;}&#8221;][vc_column css=&#8221;.vc_custom_1538733871499{margin-top: 0px !important;margin-bottom: 0px !important;border-top-width: 1px !important;border-right-width: 1px !important;border-bottom-width: 1px !important;border-left-width: 1px !important;padding-top: 30px !important;padding-right: 30px !important;padding-bottom: 37px !important;padding-left: 30px !important;background-color: #ffffff !important;border-left-color: #e1e1e1 !important;border-left-style: solid !important;border-right-color: #e1e1e1 !important;border-right-style: solid !important;border-top-color: #e1e1e1 !important;border-top-style: solid [&hellip;]<\/p>\n","protected":false},"author":1,"featured_media":9017,"parent":0,"menu_order":0,"comment_status":"closed","ping_status":"closed","template":"","meta":{"footnotes":""},"class_list":["post-8707","page","type-page","status-publish","has-post-thumbnail","hentry"],"yoast_head":"<!-- This site is optimized with the Yoast SEO plugin v17.2 - https:\/\/yoast.com\/wordpress\/plugins\/seo\/ -->\n<title>Pour devenir membre de notre ASBL - Association des Administrateurs du Congo<\/title>\n<meta name=\"robots\" content=\"index, follow, max-snippet:-1, max-image-preview:large, max-video-preview:-1\" \/>\n<link rel=\"canonical\" href=\"https:\/\/administrateursrdc.com\/v\/pour-devenir-membre-de-notre-asbl\/\" \/>\n<meta property=\"og:locale\" content=\"fr_FR\" \/>\n<meta property=\"og:type\" content=\"article\" \/>\n<meta property=\"og:title\" content=\"Pour devenir membre de notre ASBL - Association des Administrateurs du Congo\" \/>\n<meta property=\"og:description\" content=\"[vc_row full_width=&#8221;stretch_row&#8221; gap=&#8221;25&#8243; equal_height=&#8221;yes&#8221; content_placement=&#8221;top&#8221; css_animation=&#8221;none&#8221; css=&#8221;.vc_custom_1538632069444{margin-top: 0px !important;margin-right: -12px !important;margin-bottom: 0px !important;margin-left: -12px !important;padding-top: 90px !important;padding-bottom: 90px !important;background-color: #f5f7f9 !important;}&#8221;][vc_column css=&#8221;.vc_custom_1538733871499{margin-top: 0px !important;margin-bottom: 0px !important;border-top-width: 1px !important;border-right-width: 1px !important;border-bottom-width: 1px !important;border-left-width: 1px !important;padding-top: 30px !important;padding-right: 30px !important;padding-bottom: 37px !important;padding-left: 30px !important;background-color: #ffffff !important;border-left-color: #e1e1e1 !important;border-left-style: solid !important;border-right-color: #e1e1e1 !important;border-right-style: solid !important;border-top-color: #e1e1e1 !important;border-top-style: solid [&hellip;]\" \/>\n<meta property=\"og:url\" content=\"https:\/\/administrateursrdc.com\/v\/pour-devenir-membre-de-notre-asbl\/\" \/>\n<meta property=\"og:site_name\" content=\"Association des Administrateurs du Congo\" \/>\n<meta property=\"article:modified_time\" content=\"2022-02-15T19:34:28+00:00\" \/>\n<meta property=\"og:image\" content=\"https:\/\/administrateursrdc.com\/v\/wp-content\/uploads\/2022\/02\/adac100-e1644953014387.jpg\" \/>\n\t<meta property=\"og:image:width\" content=\"700\" \/>\n\t<meta property=\"og:image:height\" content=\"525\" \/>\n<meta name=\"twitter:card\" content=\"summary_large_image\" \/>\n<meta name=\"twitter:label1\" content=\"Dur\u00e9e de lecture est.\" \/>\n\t<meta name=\"twitter:data1\" content=\"2 minutes\" \/>\n<script type=\"application\/ld+json\" class=\"yoast-schema-graph\">{\"@context\":\"https:\/\/schema.org\",\"@graph\":[{\"@type\":\"WebSite\",\"@id\":\"https:\/\/administrateursrdc.com\/v\/#website\",\"url\":\"https:\/\/administrateursrdc.com\/v\/\",\"name\":\"Association des Administrateurs du Congo\",\"description\":\"\",\"potentialAction\":[{\"@type\":\"SearchAction\",\"target\":{\"@type\":\"EntryPoint\",\"urlTemplate\":\"https:\/\/administrateursrdc.com\/v\/?s={search_term_string}\"},\"query-input\":\"required name=search_term_string\"}],\"inLanguage\":\"fr-FR\"},{\"@type\":\"ImageObject\",\"@id\":\"https:\/\/administrateursrdc.com\/v\/pour-devenir-membre-de-notre-asbl\/#primaryimage\",\"inLanguage\":\"fr-FR\",\"url\":\"https:\/\/administrateursrdc.com\/v\/wp-content\/uploads\/2022\/02\/adac100-e1644953014387.jpg\",\"contentUrl\":\"https:\/\/administrateursrdc.com\/v\/wp-content\/uploads\/2022\/02\/adac100-e1644953014387.jpg\",\"width\":700,\"height\":525},{\"@type\":\"WebPage\",\"@id\":\"https:\/\/administrateursrdc.com\/v\/pour-devenir-membre-de-notre-asbl\/#webpage\",\"url\":\"https:\/\/administrateursrdc.com\/v\/pour-devenir-membre-de-notre-asbl\/\",\"name\":\"Pour devenir membre de notre ASBL - Association des Administrateurs du Congo\",\"isPartOf\":{\"@id\":\"https:\/\/administrateursrdc.com\/v\/#website\"},\"primaryImageOfPage\":{\"@id\":\"https:\/\/administrateursrdc.com\/v\/pour-devenir-membre-de-notre-asbl\/#primaryimage\"},\"datePublished\":\"2021-06-12T03:41:13+00:00\",\"dateModified\":\"2022-02-15T19:34:28+00:00\",\"breadcrumb\":{\"@id\":\"https:\/\/administrateursrdc.com\/v\/pour-devenir-membre-de-notre-asbl\/#breadcrumb\"},\"inLanguage\":\"fr-FR\",\"potentialAction\":[{\"@type\":\"ReadAction\",\"target\":[\"https:\/\/administrateursrdc.com\/v\/pour-devenir-membre-de-notre-asbl\/\"]}]},{\"@type\":\"BreadcrumbList\",\"@id\":\"https:\/\/administrateursrdc.com\/v\/pour-devenir-membre-de-notre-asbl\/#breadcrumb\",\"itemListElement\":[{\"@type\":\"ListItem\",\"position\":1,\"name\":\"Accueil\",\"item\":\"https:\/\/administrateursrdc.com\/v\/\"},{\"@type\":\"ListItem\",\"position\":2,\"name\":\"Pour devenir membre de notre ASBL\"}]}]}<\/script>\n<!-- \/ Yoast SEO plugin. -->","yoast_head_json":{"title":"Pour devenir membre de notre ASBL - Association des Administrateurs du Congo","robots":{"index":"index","follow":"follow","max-snippet":"max-snippet:-1","max-image-preview":"max-image-preview:large","max-video-preview":"max-video-preview:-1"},"canonical":"https:\/\/administrateursrdc.com\/v\/pour-devenir-membre-de-notre-asbl\/","og_locale":"fr_FR","og_type":"article","og_title":"Pour devenir membre de notre ASBL - Association des Administrateurs du Congo","og_description":"[vc_row full_width=&#8221;stretch_row&#8221; gap=&#8221;25&#8243; equal_height=&#8221;yes&#8221; content_placement=&#8221;top&#8221; css_animation=&#8221;none&#8221; css=&#8221;.vc_custom_1538632069444{margin-top: 0px !important;margin-right: -12px !important;margin-bottom: 0px !important;margin-left: -12px !important;padding-top: 90px !important;padding-bottom: 90px !important;background-color: #f5f7f9 !important;}&#8221;][vc_column css=&#8221;.vc_custom_1538733871499{margin-top: 0px !important;margin-bottom: 0px !important;border-top-width: 1px !important;border-right-width: 1px !important;border-bottom-width: 1px !important;border-left-width: 1px !important;padding-top: 30px !important;padding-right: 30px !important;padding-bottom: 37px !important;padding-left: 30px !important;background-color: #ffffff !important;border-left-color: #e1e1e1 !important;border-left-style: solid !important;border-right-color: #e1e1e1 !important;border-right-style: solid !important;border-top-color: #e1e1e1 !important;border-top-style: solid [&hellip;]","og_url":"https:\/\/administrateursrdc.com\/v\/pour-devenir-membre-de-notre-asbl\/","og_site_name":"Association des Administrateurs du Congo","article_modified_time":"2022-02-15T19:34:28+00:00","og_image":[{"width":700,"height":525,"url":"https:\/\/administrateursrdc.com\/v\/wp-content\/uploads\/2022\/02\/adac100-e1644953014387.jpg","path":"\/home\/admifqsi\/public_html\/v\/wp-content\/uploads\/2022\/02\/adac100-e1644953014387.jpg","size":"full","id":9017,"alt":"","pixels":367500,"type":"image\/jpeg"}],"twitter_card":"summary_large_image","twitter_misc":{"Dur\u00e9e de lecture est.":"2 minutes"},"schema":{"@context":"https:\/\/schema.org","@graph":[{"@type":"WebSite","@id":"https:\/\/administrateursrdc.com\/v\/#website","url":"https:\/\/administrateursrdc.com\/v\/","name":"Association des Administrateurs du Congo","description":"","potentialAction":[{"@type":"SearchAction","target":{"@type":"EntryPoint","urlTemplate":"https:\/\/administrateursrdc.com\/v\/?s={search_term_string}"},"query-input":"required name=search_term_string"}],"inLanguage":"fr-FR"},{"@type":"ImageObject","@id":"https:\/\/administrateursrdc.com\/v\/pour-devenir-membre-de-notre-asbl\/#primaryimage","inLanguage":"fr-FR","url":"https:\/\/administrateursrdc.com\/v\/wp-content\/uploads\/2022\/02\/adac100-e1644953014387.jpg","contentUrl":"https:\/\/administrateursrdc.com\/v\/wp-content\/uploads\/2022\/02\/adac100-e1644953014387.jpg","width":700,"height":525},{"@type":"WebPage","@id":"https:\/\/administrateursrdc.com\/v\/pour-devenir-membre-de-notre-asbl\/#webpage","url":"https:\/\/administrateursrdc.com\/v\/pour-devenir-membre-de-notre-asbl\/","name":"Pour devenir membre de notre ASBL - Association des Administrateurs du Congo","isPartOf":{"@id":"https:\/\/administrateursrdc.com\/v\/#website"},"primaryImageOfPage":{"@id":"https:\/\/administrateursrdc.com\/v\/pour-devenir-membre-de-notre-asbl\/#primaryimage"},"datePublished":"2021-06-12T03:41:13+00:00","dateModified":"2022-02-15T19:34:28+00:00","breadcrumb":{"@id":"https:\/\/administrateursrdc.com\/v\/pour-devenir-membre-de-notre-asbl\/#breadcrumb"},"inLanguage":"fr-FR","potentialAction":[{"@type":"ReadAction","target":["https:\/\/administrateursrdc.com\/v\/pour-devenir-membre-de-notre-asbl\/"]}]},{"@type":"BreadcrumbList","@id":"https:\/\/administrateursrdc.com\/v\/pour-devenir-membre-de-notre-asbl\/#breadcrumb","itemListElement":[{"@type":"ListItem","position":1,"name":"Accueil","item":"https:\/\/administrateursrdc.com\/v\/"},{"@type":"ListItem","position":2,"name":"Pour devenir membre de notre ASBL"}]}]}},"_links":{"self":[{"href":"https:\/\/administrateursrdc.com\/v\/wp-json\/wp\/v2\/pages\/8707","targetHints":{"allow":["GET"]}}],"collection":[{"href":"https:\/\/administrateursrdc.com\/v\/wp-json\/wp\/v2\/pages"}],"about":[{"href":"https:\/\/administrateursrdc.com\/v\/wp-json\/wp\/v2\/types\/page"}],"author":[{"embeddable":true,"href":"https:\/\/administrateursrdc.com\/v\/wp-json\/wp\/v2\/users\/1"}],"replies":[{"embeddable":true,"href":"https:\/\/administrateursrdc.com\/v\/wp-json\/wp\/v2\/comments?post=8707"}],"version-history":[{"count":14,"href":"https:\/\/administrateursrdc.com\/v\/wp-json\/wp\/v2\/pages\/8707\/revisions"}],"predecessor-version":[{"id":9021,"href":"https:\/\/administrateursrdc.com\/v\/wp-json\/wp\/v2\/pages\/8707\/revisions\/9021"}],"wp:featuredmedia":[{"embeddable":true,"href":"https:\/\/administrateursrdc.com\/v\/wp-json\/wp\/v2\/media\/9017"}],"wp:attachment":[{"href":"https:\/\/administrateursrdc.com\/v\/wp-json\/wp\/v2\/media?parent=8707"}],"curies":[{"name":"wp","href":"https:\/\/api.w.org\/{rel}","templated":true}]}}