{"id":8692,"date":"2021-06-12T03:08:43","date_gmt":"2021-06-12T03:08:43","guid":{"rendered":"https:\/\/administrateursrdc.com\/v\/?page_id=8692"},"modified":"2021-12-15T09:48:03","modified_gmt":"2021-12-15T09:48:03","slug":"formation-sur-la-fonction-dadministrateur","status":"publish","type":"page","link":"https:\/\/administrateursrdc.com\/v\/formation-sur-la-fonction-dadministrateur\/","title":{"rendered":"Formation sur la fonction d\u2019administrateur"},"content":{"rendered":"<p><strong><u>FORMATION : R\u00f4le et responsabilit\u00e9 du Conseil d\u2019Administration en entreprise<\/u><\/strong><\/p>\r\n<h4><strong><em>1-Objectifs de nos modules de formation\u00a0<\/em><\/strong><\/h4>\r\n<ul>\r\n<li>Comprendre le r\u00f4le essentiel que tient la <a href=\"https:\/\/administrateursrdc.com\/v\/2021\/06\/16\/regles-de-bonne-gouvernance\/\">gouvernance en entreprise<\/a>,\u00a0 \u00ab gouvernance cr\u00e9atrice de valeurs \u00bb.<\/li>\r\n<li>Acqu\u00e9rir une bonne connaissance des aspects strat\u00e9giques, financiers, juridiques et \u00e9thiques de la gouvernance.<\/li>\r\n<li>Se familiariser avec les nouvelles r\u00e8gles, lois et les meilleures pratiques de gouvernance.<\/li>\r\n<li>Approfondir la compr\u00e9hension des attributs propres \u00e0 chacune des instances de gouvernance (ind\u00e9pendance des comit\u00e9s).<\/li>\r\n<li>Approfondir les connaissances des participants afin d\u2019assurer la p\u00e9rennit\u00e9 et la croissance de l\u2019entreprise (secteur d\u2019activit\u00e9, gestion des risques).<\/li>\r\n<li>D\u00e9velopper les &#8220;soft skills&#8221;, qualit\u00e9s tr\u00e8s recherch\u00e9es qui permettent d&#8217;interagir <span style=\"color: initial;\">efficacement avec les autres.<\/span><\/li>\r\n<\/ul>\r\n<h4><em><strong>2-A qui s&#8217;adressent nos modules de formation ?<\/strong><\/em><\/h4>\r\n<p>Cette formation r\u00e9pond aux besoins concrets et sp\u00e9cifiques d\u2019administrateurs, de dirigeants ou d\u2019entrepreneurs d\u00e9sireux de participer activement \u00e0 la croissance de leur entreprise. Elle privil\u00e9gie des discussions dynamiques, enrichies par la vaste exp\u00e9rience en conseils d\u2019administration que poss\u00e8dent les animateurs. Cette formation, d\u2019une dur\u00e9e de 3 sessions de 4 heures, est admissible en interne (sur mesure) ou en inter entreprise.<\/p>\r\n<h4><em><strong>3-Le contenu de nos modules de formation<\/strong><\/em><\/h4>\r\n<h5><em><strong>Module 1 : Les principes d\u2019organisation et de fonctionnement, facteur de performance<\/strong><\/em><\/h5>\r\n<ul>\r\n<li>D\u00e9finir la gouvernance d\u2019entreprise<\/li>\r\n<li>Ma\u00eetriser les r\u00e8gles de composition et de fonctionnement du conseil d&#8217;administration<\/li>\r\n<li>Optimiser les pouvoirs du conseil d&#8217;administration<\/li>\r\n<li>Pr\u00e9parer le contr\u00f4le des commissaires aux comptes<\/li>\r\n<li>La responsabilit\u00e9 des administrateurs<\/li>\r\n<li>La r\u00e9mun\u00e9ration des administrateurs<\/li>\r\n<\/ul>\r\n<h5><em><strong>Module 2\u00a0: Compliance (la conformit\u00e9), un principe cl\u00e9<\/strong><\/em><\/h5>\r\n<ul>\r\n<li>Quelles proc\u00e9dures mettre en place pour garantir l&#8217;image de l\u2019entreprise ?.<\/li>\r\n<li>Les 8 principes de la bonne gouvernance<\/li>\r\n<li>Gouvernance d\u2019entreprise et compliance (conformit\u00e9)<\/li>\r\n<\/ul>\r\n<h5><em><strong>Module 3 : L\u2019ind\u00e9pendance des comit\u00e9s, une exigence<\/strong><\/em><\/h5>\r\n<ul>\r\n<li>L\u2019\u00e9tablissement des comit\u00e9s de gouvernance<\/li>\r\n<li>L\u2019ind\u00e9pendance du comit\u00e9 d\u2019audit<\/li>\r\n<\/ul>\r\n<h5><em><strong>Module 4\u00a0: Les enjeux strat\u00e9giques et la cr\u00e9ation de valeurs au niveau du conseil<\/strong><\/em><\/h5>\r\n<ul>\r\n<li>La gouvernance, cr\u00e9atrice de valeurs<\/li>\r\n<li>Gouvernance et les bonnes pratiques d\u2019entreprise<\/li>\r\n<li><a href=\"https:\/\/administrateursrdc.com\/v\/2021\/12\/15\/la-rse-au-service-de-la-strategie-dentreprise\/\">La Responsabilit\u00e9 Sociale et Environnementale des entreprises<\/a><\/li>\r\n<\/ul>\r\n<h5><em><strong>Module 5\u00a0: La gestion des risques, un pr\u00e9requis<\/strong><\/em><\/h5>\r\n<ul>\r\n<li>Surveillance des risques : identifier, comprendre et g\u00e9rer les risques<\/li>\r\n<li>Le Plan de continuit\u00e9 d\u2019activit\u00e9<\/li>\r\n<\/ul>\r\n\r\n<div class=\"wp-block-image is-style-rounded\">\r\n<figure class=\"aligncenter size-full is-resized\"><img loading=\"lazy\" decoding=\"async\" class=\"wp-image-8895\" src=\"https:\/\/administrateursrdc.com\/v\/wp-content\/uploads\/2021\/09\/Formation.png\" alt=\"\" width=\"600\" height=\"288\" srcset=\"https:\/\/administrateursrdc.com\/v\/wp-content\/uploads\/2021\/09\/Formation.png 800w, https:\/\/administrateursrdc.com\/v\/wp-content\/uploads\/2021\/09\/Formation-300x144.png 300w, https:\/\/administrateursrdc.com\/v\/wp-content\/uploads\/2021\/09\/Formation-768x369.png 768w\" sizes=\"auto, (max-width: 600px) 100vw, 600px\" \/><\/figure>\r\n<\/div>\r\n","protected":false},"excerpt":{"rendered":"<p>FORMATION : R\u00f4le et responsabilit\u00e9 du Conseil d\u2019Administration en entreprise 1-Objectifs de nos modules de formation\u00a0 Comprendre le r\u00f4le essentiel que tient la gouvernance en entreprise,\u00a0 \u00ab gouvernance cr\u00e9atrice de valeurs \u00bb. Acqu\u00e9rir une bonne connaissance des aspects strat\u00e9giques, financiers, juridiques et \u00e9thiques de la gouvernance. Se familiariser avec les nouvelles r\u00e8gles, lois et les [&hellip;]<\/p>\n","protected":false},"author":1,"featured_media":8895,"parent":0,"menu_order":0,"comment_status":"closed","ping_status":"closed","template":"","meta":{"footnotes":""},"class_list":["post-8692","page","type-page","status-publish","has-post-thumbnail","hentry"],"yoast_head":"<!-- This site is optimized with the Yoast SEO plugin v17.2 - https:\/\/yoast.com\/wordpress\/plugins\/seo\/ -->\n<title>Formation sur la fonction d\u2019administrateur - Association des Administrateurs du Congo<\/title>\n<meta name=\"description\" content=\"Nos modules de formation sur les r\u00f4les et les responsabilit\u00e9s d&#039;un conseil d&#039;administration dans les entreprises priv\u00e9es et publiques.\" \/>\n<meta name=\"robots\" content=\"index, follow, max-snippet:-1, max-image-preview:large, max-video-preview:-1\" \/>\n<link rel=\"canonical\" href=\"https:\/\/administrateursrdc.com\/v\/formation-sur-la-fonction-dadministrateur\/\" \/>\n<meta property=\"og:locale\" content=\"fr_FR\" \/>\n<meta property=\"og:type\" content=\"article\" \/>\n<meta property=\"og:title\" content=\"Formation sur la fonction d\u2019administrateur - Association des Administrateurs du Congo\" \/>\n<meta property=\"og:description\" content=\"Nos modules de formation sur les r\u00f4les et les responsabilit\u00e9s d&#039;un conseil d&#039;administration dans les entreprises priv\u00e9es et publiques.\" \/>\n<meta property=\"og:url\" content=\"https:\/\/administrateursrdc.com\/v\/formation-sur-la-fonction-dadministrateur\/\" \/>\n<meta property=\"og:site_name\" content=\"Association des Administrateurs du Congo\" \/>\n<meta property=\"article:modified_time\" content=\"2021-12-15T09:48:03+00:00\" \/>\n<meta property=\"og:image\" content=\"https:\/\/administrateursrdc.com\/v\/wp-content\/uploads\/2021\/09\/Formation.png\" \/>\n\t<meta property=\"og:image:width\" content=\"800\" \/>\n\t<meta property=\"og:image:height\" content=\"384\" \/>\n<meta name=\"twitter:card\" content=\"summary_large_image\" \/>\n<meta name=\"twitter:label1\" content=\"Dur\u00e9e de lecture est.\" \/>\n\t<meta name=\"twitter:data1\" content=\"2 minutes\" \/>\n<script type=\"application\/ld+json\" class=\"yoast-schema-graph\">{\"@context\":\"https:\/\/schema.org\",\"@graph\":[{\"@type\":\"WebSite\",\"@id\":\"https:\/\/administrateursrdc.com\/v\/#website\",\"url\":\"https:\/\/administrateursrdc.com\/v\/\",\"name\":\"Association des Administrateurs du Congo\",\"description\":\"\",\"potentialAction\":[{\"@type\":\"SearchAction\",\"target\":{\"@type\":\"EntryPoint\",\"urlTemplate\":\"https:\/\/administrateursrdc.com\/v\/?s={search_term_string}\"},\"query-input\":\"required name=search_term_string\"}],\"inLanguage\":\"fr-FR\"},{\"@type\":\"ImageObject\",\"@id\":\"https:\/\/administrateursrdc.com\/v\/formation-sur-la-fonction-dadministrateur\/#primaryimage\",\"inLanguage\":\"fr-FR\",\"url\":\"https:\/\/administrateursrdc.com\/v\/wp-content\/uploads\/2021\/09\/Formation.png\",\"contentUrl\":\"https:\/\/administrateursrdc.com\/v\/wp-content\/uploads\/2021\/09\/Formation.png\",\"width\":800,\"height\":384},{\"@type\":\"WebPage\",\"@id\":\"https:\/\/administrateursrdc.com\/v\/formation-sur-la-fonction-dadministrateur\/#webpage\",\"url\":\"https:\/\/administrateursrdc.com\/v\/formation-sur-la-fonction-dadministrateur\/\",\"name\":\"Formation sur la fonction d\\u2019administrateur - Association des Administrateurs du Congo\",\"isPartOf\":{\"@id\":\"https:\/\/administrateursrdc.com\/v\/#website\"},\"primaryImageOfPage\":{\"@id\":\"https:\/\/administrateursrdc.com\/v\/formation-sur-la-fonction-dadministrateur\/#primaryimage\"},\"datePublished\":\"2021-06-12T03:08:43+00:00\",\"dateModified\":\"2021-12-15T09:48:03+00:00\",\"description\":\"Nos modules de formation sur les r\\u00f4les et les responsabilit\\u00e9s d'un conseil d'administration dans les entreprises priv\\u00e9es et publiques.\",\"breadcrumb\":{\"@id\":\"https:\/\/administrateursrdc.com\/v\/formation-sur-la-fonction-dadministrateur\/#breadcrumb\"},\"inLanguage\":\"fr-FR\",\"potentialAction\":[{\"@type\":\"ReadAction\",\"target\":[\"https:\/\/administrateursrdc.com\/v\/formation-sur-la-fonction-dadministrateur\/\"]}]},{\"@type\":\"BreadcrumbList\",\"@id\":\"https:\/\/administrateursrdc.com\/v\/formation-sur-la-fonction-dadministrateur\/#breadcrumb\",\"itemListElement\":[{\"@type\":\"ListItem\",\"position\":1,\"name\":\"Accueil\",\"item\":\"https:\/\/administrateursrdc.com\/v\/\"},{\"@type\":\"ListItem\",\"position\":2,\"name\":\"Formation sur la fonction d\\u2019administrateur\"}]}]}<\/script>\n<!-- \/ Yoast SEO plugin. -->","yoast_head_json":{"title":"Formation sur la fonction d\u2019administrateur - Association des Administrateurs du Congo","description":"Nos modules de formation sur les r\u00f4les et les responsabilit\u00e9s d'un conseil d'administration dans les entreprises priv\u00e9es et publiques.","robots":{"index":"index","follow":"follow","max-snippet":"max-snippet:-1","max-image-preview":"max-image-preview:large","max-video-preview":"max-video-preview:-1"},"canonical":"https:\/\/administrateursrdc.com\/v\/formation-sur-la-fonction-dadministrateur\/","og_locale":"fr_FR","og_type":"article","og_title":"Formation sur la fonction d\u2019administrateur - Association des Administrateurs du Congo","og_description":"Nos modules de formation sur les r\u00f4les et les responsabilit\u00e9s d'un conseil d'administration dans les entreprises priv\u00e9es et publiques.","og_url":"https:\/\/administrateursrdc.com\/v\/formation-sur-la-fonction-dadministrateur\/","og_site_name":"Association des Administrateurs du Congo","article_modified_time":"2021-12-15T09:48:03+00:00","og_image":[{"width":800,"height":384,"url":"https:\/\/administrateursrdc.com\/v\/wp-content\/uploads\/2021\/09\/Formation.png","path":"\/home\/admifqsi\/public_html\/v\/wp-content\/uploads\/2021\/09\/Formation.png","size":"full","id":8895,"alt":"","pixels":307200,"type":"image\/png"}],"twitter_card":"summary_large_image","twitter_misc":{"Dur\u00e9e de lecture est.":"2 minutes"},"schema":{"@context":"https:\/\/schema.org","@graph":[{"@type":"WebSite","@id":"https:\/\/administrateursrdc.com\/v\/#website","url":"https:\/\/administrateursrdc.com\/v\/","name":"Association des Administrateurs du Congo","description":"","potentialAction":[{"@type":"SearchAction","target":{"@type":"EntryPoint","urlTemplate":"https:\/\/administrateursrdc.com\/v\/?s={search_term_string}"},"query-input":"required name=search_term_string"}],"inLanguage":"fr-FR"},{"@type":"ImageObject","@id":"https:\/\/administrateursrdc.com\/v\/formation-sur-la-fonction-dadministrateur\/#primaryimage","inLanguage":"fr-FR","url":"https:\/\/administrateursrdc.com\/v\/wp-content\/uploads\/2021\/09\/Formation.png","contentUrl":"https:\/\/administrateursrdc.com\/v\/wp-content\/uploads\/2021\/09\/Formation.png","width":800,"height":384},{"@type":"WebPage","@id":"https:\/\/administrateursrdc.com\/v\/formation-sur-la-fonction-dadministrateur\/#webpage","url":"https:\/\/administrateursrdc.com\/v\/formation-sur-la-fonction-dadministrateur\/","name":"Formation sur la fonction d\u2019administrateur - Association des Administrateurs du Congo","isPartOf":{"@id":"https:\/\/administrateursrdc.com\/v\/#website"},"primaryImageOfPage":{"@id":"https:\/\/administrateursrdc.com\/v\/formation-sur-la-fonction-dadministrateur\/#primaryimage"},"datePublished":"2021-06-12T03:08:43+00:00","dateModified":"2021-12-15T09:48:03+00:00","description":"Nos modules de formation sur les r\u00f4les et les responsabilit\u00e9s d'un conseil d'administration dans les entreprises priv\u00e9es et publiques.","breadcrumb":{"@id":"https:\/\/administrateursrdc.com\/v\/formation-sur-la-fonction-dadministrateur\/#breadcrumb"},"inLanguage":"fr-FR","potentialAction":[{"@type":"ReadAction","target":["https:\/\/administrateursrdc.com\/v\/formation-sur-la-fonction-dadministrateur\/"]}]},{"@type":"BreadcrumbList","@id":"https:\/\/administrateursrdc.com\/v\/formation-sur-la-fonction-dadministrateur\/#breadcrumb","itemListElement":[{"@type":"ListItem","position":1,"name":"Accueil","item":"https:\/\/administrateursrdc.com\/v\/"},{"@type":"ListItem","position":2,"name":"Formation sur la fonction d\u2019administrateur"}]}]}},"_links":{"self":[{"href":"https:\/\/administrateursrdc.com\/v\/wp-json\/wp\/v2\/pages\/8692","targetHints":{"allow":["GET"]}}],"collection":[{"href":"https:\/\/administrateursrdc.com\/v\/wp-json\/wp\/v2\/pages"}],"about":[{"href":"https:\/\/administrateursrdc.com\/v\/wp-json\/wp\/v2\/types\/page"}],"author":[{"embeddable":true,"href":"https:\/\/administrateursrdc.com\/v\/wp-json\/wp\/v2\/users\/1"}],"replies":[{"embeddable":true,"href":"https:\/\/administrateursrdc.com\/v\/wp-json\/wp\/v2\/comments?post=8692"}],"version-history":[{"count":19,"href":"https:\/\/administrateursrdc.com\/v\/wp-json\/wp\/v2\/pages\/8692\/revisions"}],"predecessor-version":[{"id":8967,"href":"https:\/\/administrateursrdc.com\/v\/wp-json\/wp\/v2\/pages\/8692\/revisions\/8967"}],"wp:featuredmedia":[{"embeddable":true,"href":"https:\/\/administrateursrdc.com\/v\/wp-json\/wp\/v2\/media\/8895"}],"wp:attachment":[{"href":"https:\/\/administrateursrdc.com\/v\/wp-json\/wp\/v2\/media?parent=8692"}],"curies":[{"name":"wp","href":"https:\/\/api.w.org\/{rel}","templated":true}]}}