{"id":8689,"date":"2021-06-12T03:00:30","date_gmt":"2021-06-12T03:00:30","guid":{"rendered":"https:\/\/administrateursrdc.com\/v\/?page_id=8689"},"modified":"2021-08-01T18:58:38","modified_gmt":"2021-08-01T18:58:38","slug":"presentation-de-candidats-pour-la-fonction-dadministrateur","status":"publish","type":"page","link":"https:\/\/administrateursrdc.com\/v\/presentation-de-candidats-pour-la-fonction-dadministrateur\/","title":{"rendered":"Pr\u00e9sentation de candidats pour la fonction d\u2019administrateur"},"content":{"rendered":"<p>[vc_row full_width=&#8221;stretch_row&#8221; css=&#8221;.vc_custom_1538810623537{margin-top: 0px !important;margin-bottom: 0px !important;padding-top: 70px !important;padding-bottom: 40px !important;background-color: #ffffff !important;}&#8221;][vc_column css=&#8221;.vc_custom_1538810524253{margin-top: -8px !important;margin-bottom: 0px !important;padding-top: 0px !important;padding-bottom: 0px !important;}&#8221;][vc_custom_heading text=&#8221;Pr\u00e9sentation de candidats pour la fonction d\u2019administrateur&#8221; font_container=&#8221;tag:h1|font_size:30px|text_align:left|line_height:40px&#8221; use_theme_fonts=&#8221;yes&#8221; el_class=&#8221;font-weight-bold&#8221; css=&#8221;.vc_custom_1623734067100{margin-top: 0px !important;margin-bottom: 15px !important;}&#8221;][vc_column_text css=&#8221;.vc_custom_1623466939989{margin-top: 0px !important;margin-bottom: 20px !important;}&#8221;]La vocation premi\u00e8re de l\u2019Association des Administrateurs du Congo consiste \u00e0 \u00e9laborer une base de donn\u00e9es regroupant des professionnels reconnus, exer\u00e7ant en RDC depuis de nombreuses ann\u00e9es, ayant une longue exp\u00e9rience dans diff\u00e9rents secteurs de la vie \u00e9conomique et maitrisant parfaitement l\u2019environnent local.[\/vc_column_text][vc_column_text css=&#8221;.vc_custom_1623466952670{margin-top: 0px !important;margin-bottom: 20px !important;}&#8221;]L\u2019objectif est donc de permettre aux op\u00e9rateurs \u00e9conomiques concern\u00e9s de mettre en place des conseils d\u2019administration compos\u00e9s de membres performants et int\u00e8gres.<br \/>\nAinsi, les profils correspondants peuvent \u00eatre mis, en toute gratuit\u00e9, \u00e0 la disposition des entreprises afin qu\u2019elles acc\u00e8dent \u00e0 une offre de mandataires et d\u2019administrateurs exp\u00e9riment\u00e9s et comp\u00e9tents dans le but d\u2019am\u00e9liorer le fonctionnement de leur conseil d\u2019administration et de promouvoir les pratiques de saine gouvernance.[\/vc_column_text][vc_column_text css=&#8221;.vc_custom_1627844292521{margin-top: 0px !important;margin-bottom: 20px !important;}&#8221;]<img loading=\"lazy\" decoding=\"async\" class=\" wp-image-8863 aligncenter\" src=\"https:\/\/administrateursrdc.com\/v\/wp-content\/uploads\/2021\/06\/Kin4-300x200.jpeg\" alt=\"\" width=\"479\" height=\"319\" srcset=\"https:\/\/administrateursrdc.com\/v\/wp-content\/uploads\/2021\/06\/Kin4-300x200.jpeg 300w, https:\/\/administrateursrdc.com\/v\/wp-content\/uploads\/2021\/06\/Kin4-768x512.jpeg 768w, https:\/\/administrateursrdc.com\/v\/wp-content\/uploads\/2021\/06\/Kin4.jpeg 1024w\" sizes=\"auto, (max-width: 479px) 100vw, 479px\" \/><\/p>\n<p>Nos candidats sont d\u00fbment s\u00e9lectionn\u00e9s selon des crit\u00e8res objectifs notamment gr\u00e2ce \u00e0 <a href=\"https:\/\/administrateursrdc.com\/v\/pour-devenir-membre-de-notre-asbl\/\">une proc\u00e9dure de parrainage et de cooptation rigoureuse<\/a>.<\/p>\n<p>Pour toute information sur ce service, n\u2019h\u00e9sitez pas \u00e0 nous adresser un message via notre <a href=\"https:\/\/administrateursrdc.com\/v\/pour-une-demande-dinformation-generale\/\">formulaire de contact<\/a> ou un courriel sur contact@administrateursrdc.com.[\/vc_column_text][\/vc_column][\/vc_row]<\/p>\n","protected":false},"excerpt":{"rendered":"<p>[vc_row full_width=&#8221;stretch_row&#8221; css=&#8221;.vc_custom_1538810623537{margin-top: 0px !important;margin-bottom: 0px !important;padding-top: 70px !important;padding-bottom: 40px !important;background-color: #ffffff !important;}&#8221;][vc_column css=&#8221;.vc_custom_1538810524253{margin-top: -8px !important;margin-bottom: 0px !important;padding-top: 0px !important;padding-bottom: 0px !important;}&#8221;][vc_custom_heading text=&#8221;Pr\u00e9sentation de candidats pour la fonction d\u2019administrateur&#8221; font_container=&#8221;tag:h1|font_size:30px|text_align:left|line_height:40px&#8221; use_theme_fonts=&#8221;yes&#8221; el_class=&#8221;font-weight-bold&#8221; css=&#8221;.vc_custom_1623734067100{margin-top: 0px !important;margin-bottom: 15px !important;}&#8221;][vc_column_text css=&#8221;.vc_custom_1623466939989{margin-top: 0px !important;margin-bottom: 20px !important;}&#8221;]La vocation premi\u00e8re de l\u2019Association des Administrateurs du Congo consiste \u00e0 \u00e9laborer une base [&hellip;]<\/p>\n","protected":false},"author":1,"featured_media":0,"parent":0,"menu_order":0,"comment_status":"closed","ping_status":"closed","template":"","meta":{"footnotes":""},"class_list":["post-8689","page","type-page","status-publish","hentry"],"yoast_head":"<!-- This site is optimized with the Yoast SEO plugin v17.2 - https:\/\/yoast.com\/wordpress\/plugins\/seo\/ -->\n<title>Pr\u00e9sentation de candidats pour la fonction d\u2019administrateur - Association des Administrateurs du Congo<\/title>\n<meta name=\"robots\" content=\"index, follow, max-snippet:-1, max-image-preview:large, max-video-preview:-1\" \/>\n<link rel=\"canonical\" href=\"https:\/\/administrateursrdc.com\/v\/presentation-de-candidats-pour-la-fonction-dadministrateur\/\" \/>\n<meta property=\"og:locale\" content=\"fr_FR\" \/>\n<meta property=\"og:type\" content=\"article\" \/>\n<meta property=\"og:title\" content=\"Pr\u00e9sentation de candidats pour la fonction d\u2019administrateur - Association des Administrateurs du Congo\" \/>\n<meta property=\"og:description\" content=\"[vc_row full_width=&#8221;stretch_row&#8221; css=&#8221;.vc_custom_1538810623537{margin-top: 0px !important;margin-bottom: 0px !important;padding-top: 70px !important;padding-bottom: 40px !important;background-color: #ffffff !important;}&#8221;][vc_column css=&#8221;.vc_custom_1538810524253{margin-top: -8px !important;margin-bottom: 0px !important;padding-top: 0px !important;padding-bottom: 0px !important;}&#8221;][vc_custom_heading text=&#8221;Pr\u00e9sentation de candidats pour la fonction d\u2019administrateur&#8221; font_container=&#8221;tag:h1|font_size:30px|text_align:left|line_height:40px&#8221; use_theme_fonts=&#8221;yes&#8221; el_class=&#8221;font-weight-bold&#8221; css=&#8221;.vc_custom_1623734067100{margin-top: 0px !important;margin-bottom: 15px !important;}&#8221;][vc_column_text css=&#8221;.vc_custom_1623466939989{margin-top: 0px !important;margin-bottom: 20px !important;}&#8221;]La vocation premi\u00e8re de l\u2019Association des Administrateurs du Congo consiste \u00e0 \u00e9laborer une base [&hellip;]\" \/>\n<meta property=\"og:url\" content=\"https:\/\/administrateursrdc.com\/v\/presentation-de-candidats-pour-la-fonction-dadministrateur\/\" \/>\n<meta property=\"og:site_name\" content=\"Association des Administrateurs du Congo\" \/>\n<meta property=\"article:modified_time\" content=\"2021-08-01T18:58:38+00:00\" \/>\n<meta property=\"og:image\" content=\"https:\/\/administrateursrdc.com\/v\/wp-content\/uploads\/2021\/06\/Kin4-300x200.jpeg\" \/>\n<meta name=\"twitter:card\" content=\"summary_large_image\" \/>\n<meta name=\"twitter:label1\" content=\"Dur\u00e9e de lecture est.\" \/>\n\t<meta name=\"twitter:data1\" content=\"2 minutes\" \/>\n<script type=\"application\/ld+json\" class=\"yoast-schema-graph\">{\"@context\":\"https:\/\/schema.org\",\"@graph\":[{\"@type\":\"WebSite\",\"@id\":\"https:\/\/administrateursrdc.com\/v\/#website\",\"url\":\"https:\/\/administrateursrdc.com\/v\/\",\"name\":\"Association des Administrateurs du Congo\",\"description\":\"\",\"potentialAction\":[{\"@type\":\"SearchAction\",\"target\":{\"@type\":\"EntryPoint\",\"urlTemplate\":\"https:\/\/administrateursrdc.com\/v\/?s={search_term_string}\"},\"query-input\":\"required name=search_term_string\"}],\"inLanguage\":\"fr-FR\"},{\"@type\":\"ImageObject\",\"@id\":\"https:\/\/administrateursrdc.com\/v\/presentation-de-candidats-pour-la-fonction-dadministrateur\/#primaryimage\",\"inLanguage\":\"fr-FR\",\"url\":\"https:\/\/administrateursrdc.com\/v\/wp-content\/uploads\/2021\/06\/Kin4.jpeg\",\"contentUrl\":\"https:\/\/administrateursrdc.com\/v\/wp-content\/uploads\/2021\/06\/Kin4.jpeg\",\"width\":1024,\"height\":683},{\"@type\":\"WebPage\",\"@id\":\"https:\/\/administrateursrdc.com\/v\/presentation-de-candidats-pour-la-fonction-dadministrateur\/#webpage\",\"url\":\"https:\/\/administrateursrdc.com\/v\/presentation-de-candidats-pour-la-fonction-dadministrateur\/\",\"name\":\"Pr\\u00e9sentation de candidats pour la fonction d\\u2019administrateur - Association des Administrateurs du Congo\",\"isPartOf\":{\"@id\":\"https:\/\/administrateursrdc.com\/v\/#website\"},\"primaryImageOfPage\":{\"@id\":\"https:\/\/administrateursrdc.com\/v\/presentation-de-candidats-pour-la-fonction-dadministrateur\/#primaryimage\"},\"datePublished\":\"2021-06-12T03:00:30+00:00\",\"dateModified\":\"2021-08-01T18:58:38+00:00\",\"breadcrumb\":{\"@id\":\"https:\/\/administrateursrdc.com\/v\/presentation-de-candidats-pour-la-fonction-dadministrateur\/#breadcrumb\"},\"inLanguage\":\"fr-FR\",\"potentialAction\":[{\"@type\":\"ReadAction\",\"target\":[\"https:\/\/administrateursrdc.com\/v\/presentation-de-candidats-pour-la-fonction-dadministrateur\/\"]}]},{\"@type\":\"BreadcrumbList\",\"@id\":\"https:\/\/administrateursrdc.com\/v\/presentation-de-candidats-pour-la-fonction-dadministrateur\/#breadcrumb\",\"itemListElement\":[{\"@type\":\"ListItem\",\"position\":1,\"name\":\"Accueil\",\"item\":\"https:\/\/administrateursrdc.com\/v\/\"},{\"@type\":\"ListItem\",\"position\":2,\"name\":\"Pr\\u00e9sentation de candidats pour la fonction d\\u2019administrateur\"}]}]}<\/script>\n<!-- \/ Yoast SEO plugin. -->","yoast_head_json":{"title":"Pr\u00e9sentation de candidats pour la fonction d\u2019administrateur - Association des Administrateurs du Congo","robots":{"index":"index","follow":"follow","max-snippet":"max-snippet:-1","max-image-preview":"max-image-preview:large","max-video-preview":"max-video-preview:-1"},"canonical":"https:\/\/administrateursrdc.com\/v\/presentation-de-candidats-pour-la-fonction-dadministrateur\/","og_locale":"fr_FR","og_type":"article","og_title":"Pr\u00e9sentation de candidats pour la fonction d\u2019administrateur - Association des Administrateurs du Congo","og_description":"[vc_row full_width=&#8221;stretch_row&#8221; css=&#8221;.vc_custom_1538810623537{margin-top: 0px !important;margin-bottom: 0px !important;padding-top: 70px !important;padding-bottom: 40px !important;background-color: #ffffff !important;}&#8221;][vc_column css=&#8221;.vc_custom_1538810524253{margin-top: -8px !important;margin-bottom: 0px !important;padding-top: 0px !important;padding-bottom: 0px !important;}&#8221;][vc_custom_heading text=&#8221;Pr\u00e9sentation de candidats pour la fonction d\u2019administrateur&#8221; font_container=&#8221;tag:h1|font_size:30px|text_align:left|line_height:40px&#8221; use_theme_fonts=&#8221;yes&#8221; el_class=&#8221;font-weight-bold&#8221; css=&#8221;.vc_custom_1623734067100{margin-top: 0px !important;margin-bottom: 15px !important;}&#8221;][vc_column_text css=&#8221;.vc_custom_1623466939989{margin-top: 0px !important;margin-bottom: 20px !important;}&#8221;]La vocation premi\u00e8re de l\u2019Association des Administrateurs du Congo consiste \u00e0 \u00e9laborer une base [&hellip;]","og_url":"https:\/\/administrateursrdc.com\/v\/presentation-de-candidats-pour-la-fonction-dadministrateur\/","og_site_name":"Association des Administrateurs du Congo","article_modified_time":"2021-08-01T18:58:38+00:00","og_image":[{"url":"https:\/\/administrateursrdc.com\/v\/wp-content\/uploads\/2021\/06\/Kin4-300x200.jpeg"}],"twitter_card":"summary_large_image","twitter_misc":{"Dur\u00e9e de lecture est.":"2 minutes"},"schema":{"@context":"https:\/\/schema.org","@graph":[{"@type":"WebSite","@id":"https:\/\/administrateursrdc.com\/v\/#website","url":"https:\/\/administrateursrdc.com\/v\/","name":"Association des Administrateurs du Congo","description":"","potentialAction":[{"@type":"SearchAction","target":{"@type":"EntryPoint","urlTemplate":"https:\/\/administrateursrdc.com\/v\/?s={search_term_string}"},"query-input":"required name=search_term_string"}],"inLanguage":"fr-FR"},{"@type":"ImageObject","@id":"https:\/\/administrateursrdc.com\/v\/presentation-de-candidats-pour-la-fonction-dadministrateur\/#primaryimage","inLanguage":"fr-FR","url":"https:\/\/administrateursrdc.com\/v\/wp-content\/uploads\/2021\/06\/Kin4.jpeg","contentUrl":"https:\/\/administrateursrdc.com\/v\/wp-content\/uploads\/2021\/06\/Kin4.jpeg","width":1024,"height":683},{"@type":"WebPage","@id":"https:\/\/administrateursrdc.com\/v\/presentation-de-candidats-pour-la-fonction-dadministrateur\/#webpage","url":"https:\/\/administrateursrdc.com\/v\/presentation-de-candidats-pour-la-fonction-dadministrateur\/","name":"Pr\u00e9sentation de candidats pour la fonction d\u2019administrateur - Association des Administrateurs du Congo","isPartOf":{"@id":"https:\/\/administrateursrdc.com\/v\/#website"},"primaryImageOfPage":{"@id":"https:\/\/administrateursrdc.com\/v\/presentation-de-candidats-pour-la-fonction-dadministrateur\/#primaryimage"},"datePublished":"2021-06-12T03:00:30+00:00","dateModified":"2021-08-01T18:58:38+00:00","breadcrumb":{"@id":"https:\/\/administrateursrdc.com\/v\/presentation-de-candidats-pour-la-fonction-dadministrateur\/#breadcrumb"},"inLanguage":"fr-FR","potentialAction":[{"@type":"ReadAction","target":["https:\/\/administrateursrdc.com\/v\/presentation-de-candidats-pour-la-fonction-dadministrateur\/"]}]},{"@type":"BreadcrumbList","@id":"https:\/\/administrateursrdc.com\/v\/presentation-de-candidats-pour-la-fonction-dadministrateur\/#breadcrumb","itemListElement":[{"@type":"ListItem","position":1,"name":"Accueil","item":"https:\/\/administrateursrdc.com\/v\/"},{"@type":"ListItem","position":2,"name":"Pr\u00e9sentation de candidats pour la fonction d\u2019administrateur"}]}]}},"_links":{"self":[{"href":"https:\/\/administrateursrdc.com\/v\/wp-json\/wp\/v2\/pages\/8689","targetHints":{"allow":["GET"]}}],"collection":[{"href":"https:\/\/administrateursrdc.com\/v\/wp-json\/wp\/v2\/pages"}],"about":[{"href":"https:\/\/administrateursrdc.com\/v\/wp-json\/wp\/v2\/types\/page"}],"author":[{"embeddable":true,"href":"https:\/\/administrateursrdc.com\/v\/wp-json\/wp\/v2\/users\/1"}],"replies":[{"embeddable":true,"href":"https:\/\/administrateursrdc.com\/v\/wp-json\/wp\/v2\/comments?post=8689"}],"version-history":[{"count":12,"href":"https:\/\/administrateursrdc.com\/v\/wp-json\/wp\/v2\/pages\/8689\/revisions"}],"predecessor-version":[{"id":8870,"href":"https:\/\/administrateursrdc.com\/v\/wp-json\/wp\/v2\/pages\/8689\/revisions\/8870"}],"wp:attachment":[{"href":"https:\/\/administrateursrdc.com\/v\/wp-json\/wp\/v2\/media?parent=8689"}],"curies":[{"name":"wp","href":"https:\/\/api.w.org\/{rel}","templated":true}]}}