{"id":8686,"date":"2021-06-12T02:56:25","date_gmt":"2021-06-12T02:56:25","guid":{"rendered":"https:\/\/administrateursrdc.com\/v\/?page_id=8686"},"modified":"2022-02-15T19:28:59","modified_gmt":"2022-02-15T19:28:59","slug":"organisation-de-conference","status":"publish","type":"page","link":"https:\/\/administrateursrdc.com\/v\/organisation-de-conference\/","title":{"rendered":"organisation de conf\u00e9rence"},"content":{"rendered":"<p>[vc_row full_width=&#8221;stretch_row&#8221; css=&#8221;.vc_custom_1538810623537{margin-top: 0px !important;margin-bottom: 0px !important;padding-top: 70px !important;padding-bottom: 40px !important;background-color: #ffffff !important;}&#8221;][vc_column css=&#8221;.vc_custom_1538810524253{margin-top: -8px !important;margin-bottom: 0px !important;padding-top: 0px !important;padding-bottom: 0px !important;}&#8221;][vc_custom_heading text=&#8221;Organisation de conf\u00e9rence&#8221; font_container=&#8221;tag:h1|font_size:30px|text_align:left|line_height:40px&#8221; use_theme_fonts=&#8221;yes&#8221; el_class=&#8221;font-weight-bold&#8221; css=&#8221;.vc_custom_1623466593603{margin-top: 0px !important;margin-bottom: 15px !important;}&#8221;][vc_column_text css=&#8221;.vc_custom_1623466486832{margin-top: 0px !important;margin-bottom: 20px !important;}&#8221;]Vous voulez organiser une conf\u00e9rence afin de cr\u00e9er un moment de dialogue, d\u2019information et de d\u00e9bat autour d\u2019un th\u00e8me ou d\u2019une question d\u2019actualit\u00e9 li\u00e9s \u00e0 la gouvernance des entreprises priv\u00e9es et publiques en RD Congo ?[\/vc_column_text][vc_column_text css=&#8221;.vc_custom_1627768535644{margin-top: 0px !important;margin-bottom: 20px !important;}&#8221;]Notre ASBL peut vous accompagner dans le choix de la th\u00e9matique, la gestion de la logistique, la communication, la d\u00e9termination du lieu ainsi que le choix des intervenants.<br \/>\nPar ailleurs, nos <a href=\"https:\/\/administrateursrdc.com\/v\/nos-fondateurs\/\">membres fondateurs<\/a>\u00a0peuvent prendre la parole lors de vos \u00ab webinars \u00bb ou conf\u00e9rences en pr\u00e9sentiel afin que votre auditoire puisse b\u00e9n\u00e9ficier de leur expertise sur des sujets en rapport avec les activit\u00e9s principales de notre ASBL.[\/vc_column_text][vc_column_text css=&#8221;.vc_custom_1627768752081{margin-top: 0px !important;margin-bottom: 20px !important;}&#8221;]Pour toute demande d\u2019information, n\u2019h\u00e9sitez pas \u00e0 <a href=\"https:\/\/administrateursrdc.com\/v\/pour-une-demande-dinformation-generale\/\">nous adresser un message.<\/a>.[\/vc_column_text][\/vc_column][\/vc_row]<\/p>\n","protected":false},"excerpt":{"rendered":"<p>[vc_row full_width=&#8221;stretch_row&#8221; css=&#8221;.vc_custom_1538810623537{margin-top: 0px !important;margin-bottom: 0px !important;padding-top: 70px !important;padding-bottom: 40px !important;background-color: #ffffff !important;}&#8221;][vc_column css=&#8221;.vc_custom_1538810524253{margin-top: -8px !important;margin-bottom: 0px !important;padding-top: 0px !important;padding-bottom: 0px !important;}&#8221;][vc_custom_heading text=&#8221;Organisation de conf\u00e9rence&#8221; font_container=&#8221;tag:h1|font_size:30px|text_align:left|line_height:40px&#8221; use_theme_fonts=&#8221;yes&#8221; el_class=&#8221;font-weight-bold&#8221; css=&#8221;.vc_custom_1623466593603{margin-top: 0px !important;margin-bottom: 15px !important;}&#8221;][vc_column_text css=&#8221;.vc_custom_1623466486832{margin-top: 0px !important;margin-bottom: 20px !important;}&#8221;]Vous voulez organiser une conf\u00e9rence afin de cr\u00e9er un moment de dialogue, d\u2019information et de d\u00e9bat autour d\u2019un [&hellip;]<\/p>\n","protected":false},"author":1,"featured_media":9020,"parent":0,"menu_order":0,"comment_status":"closed","ping_status":"closed","template":"","meta":{"footnotes":""},"class_list":["post-8686","page","type-page","status-publish","has-post-thumbnail","hentry"],"yoast_head":"<!-- This site is optimized with the Yoast SEO plugin v17.2 - https:\/\/yoast.com\/wordpress\/plugins\/seo\/ -->\n<title>organisation de conf\u00e9rence - Association des Administrateurs du Congo<\/title>\n<meta name=\"robots\" content=\"index, follow, max-snippet:-1, max-image-preview:large, max-video-preview:-1\" \/>\n<link rel=\"canonical\" href=\"https:\/\/administrateursrdc.com\/v\/organisation-de-conference\/\" \/>\n<meta property=\"og:locale\" content=\"fr_FR\" \/>\n<meta property=\"og:type\" content=\"article\" \/>\n<meta property=\"og:title\" content=\"organisation de conf\u00e9rence - Association des Administrateurs du Congo\" \/>\n<meta property=\"og:description\" content=\"[vc_row full_width=&#8221;stretch_row&#8221; css=&#8221;.vc_custom_1538810623537{margin-top: 0px !important;margin-bottom: 0px !important;padding-top: 70px !important;padding-bottom: 40px !important;background-color: #ffffff !important;}&#8221;][vc_column css=&#8221;.vc_custom_1538810524253{margin-top: -8px !important;margin-bottom: 0px !important;padding-top: 0px !important;padding-bottom: 0px !important;}&#8221;][vc_custom_heading text=&#8221;Organisation de conf\u00e9rence&#8221; font_container=&#8221;tag:h1|font_size:30px|text_align:left|line_height:40px&#8221; use_theme_fonts=&#8221;yes&#8221; el_class=&#8221;font-weight-bold&#8221; css=&#8221;.vc_custom_1623466593603{margin-top: 0px !important;margin-bottom: 15px !important;}&#8221;][vc_column_text css=&#8221;.vc_custom_1623466486832{margin-top: 0px !important;margin-bottom: 20px !important;}&#8221;]Vous voulez organiser une conf\u00e9rence afin de cr\u00e9er un moment de dialogue, d\u2019information et de d\u00e9bat autour d\u2019un [&hellip;]\" \/>\n<meta property=\"og:url\" content=\"https:\/\/administrateursrdc.com\/v\/organisation-de-conference\/\" \/>\n<meta property=\"og:site_name\" content=\"Association des Administrateurs du Congo\" \/>\n<meta property=\"article:modified_time\" content=\"2022-02-15T19:28:59+00:00\" \/>\n<meta property=\"og:image\" content=\"https:\/\/administrateursrdc.com\/v\/wp-content\/uploads\/2022\/02\/adac200-e1644953280854.jpg\" \/>\n\t<meta property=\"og:image:width\" content=\"1000\" \/>\n\t<meta property=\"og:image:height\" content=\"562\" \/>\n<meta name=\"twitter:card\" content=\"summary_large_image\" \/>\n<meta name=\"twitter:label1\" content=\"Dur\u00e9e de lecture est.\" \/>\n\t<meta name=\"twitter:data1\" content=\"1 minute\" \/>\n<script type=\"application\/ld+json\" class=\"yoast-schema-graph\">{\"@context\":\"https:\/\/schema.org\",\"@graph\":[{\"@type\":\"WebSite\",\"@id\":\"https:\/\/administrateursrdc.com\/v\/#website\",\"url\":\"https:\/\/administrateursrdc.com\/v\/\",\"name\":\"Association des Administrateurs du Congo\",\"description\":\"\",\"potentialAction\":[{\"@type\":\"SearchAction\",\"target\":{\"@type\":\"EntryPoint\",\"urlTemplate\":\"https:\/\/administrateursrdc.com\/v\/?s={search_term_string}\"},\"query-input\":\"required name=search_term_string\"}],\"inLanguage\":\"fr-FR\"},{\"@type\":\"ImageObject\",\"@id\":\"https:\/\/administrateursrdc.com\/v\/organisation-de-conference\/#primaryimage\",\"inLanguage\":\"fr-FR\",\"url\":\"https:\/\/administrateursrdc.com\/v\/wp-content\/uploads\/2022\/02\/adac200-e1644953280854.jpg\",\"contentUrl\":\"https:\/\/administrateursrdc.com\/v\/wp-content\/uploads\/2022\/02\/adac200-e1644953280854.jpg\",\"width\":1000,\"height\":562},{\"@type\":\"WebPage\",\"@id\":\"https:\/\/administrateursrdc.com\/v\/organisation-de-conference\/#webpage\",\"url\":\"https:\/\/administrateursrdc.com\/v\/organisation-de-conference\/\",\"name\":\"organisation de conf\\u00e9rence - Association des Administrateurs du Congo\",\"isPartOf\":{\"@id\":\"https:\/\/administrateursrdc.com\/v\/#website\"},\"primaryImageOfPage\":{\"@id\":\"https:\/\/administrateursrdc.com\/v\/organisation-de-conference\/#primaryimage\"},\"datePublished\":\"2021-06-12T02:56:25+00:00\",\"dateModified\":\"2022-02-15T19:28:59+00:00\",\"breadcrumb\":{\"@id\":\"https:\/\/administrateursrdc.com\/v\/organisation-de-conference\/#breadcrumb\"},\"inLanguage\":\"fr-FR\",\"potentialAction\":[{\"@type\":\"ReadAction\",\"target\":[\"https:\/\/administrateursrdc.com\/v\/organisation-de-conference\/\"]}]},{\"@type\":\"BreadcrumbList\",\"@id\":\"https:\/\/administrateursrdc.com\/v\/organisation-de-conference\/#breadcrumb\",\"itemListElement\":[{\"@type\":\"ListItem\",\"position\":1,\"name\":\"Accueil\",\"item\":\"https:\/\/administrateursrdc.com\/v\/\"},{\"@type\":\"ListItem\",\"position\":2,\"name\":\"organisation de conf\\u00e9rence\"}]}]}<\/script>\n<!-- \/ Yoast SEO plugin. -->","yoast_head_json":{"title":"organisation de conf\u00e9rence - Association des Administrateurs du Congo","robots":{"index":"index","follow":"follow","max-snippet":"max-snippet:-1","max-image-preview":"max-image-preview:large","max-video-preview":"max-video-preview:-1"},"canonical":"https:\/\/administrateursrdc.com\/v\/organisation-de-conference\/","og_locale":"fr_FR","og_type":"article","og_title":"organisation de conf\u00e9rence - Association des Administrateurs du Congo","og_description":"[vc_row full_width=&#8221;stretch_row&#8221; css=&#8221;.vc_custom_1538810623537{margin-top: 0px !important;margin-bottom: 0px !important;padding-top: 70px !important;padding-bottom: 40px !important;background-color: #ffffff !important;}&#8221;][vc_column css=&#8221;.vc_custom_1538810524253{margin-top: -8px !important;margin-bottom: 0px !important;padding-top: 0px !important;padding-bottom: 0px !important;}&#8221;][vc_custom_heading text=&#8221;Organisation de conf\u00e9rence&#8221; font_container=&#8221;tag:h1|font_size:30px|text_align:left|line_height:40px&#8221; use_theme_fonts=&#8221;yes&#8221; el_class=&#8221;font-weight-bold&#8221; css=&#8221;.vc_custom_1623466593603{margin-top: 0px !important;margin-bottom: 15px !important;}&#8221;][vc_column_text css=&#8221;.vc_custom_1623466486832{margin-top: 0px !important;margin-bottom: 20px !important;}&#8221;]Vous voulez organiser une conf\u00e9rence afin de cr\u00e9er un moment de dialogue, d\u2019information et de d\u00e9bat autour d\u2019un [&hellip;]","og_url":"https:\/\/administrateursrdc.com\/v\/organisation-de-conference\/","og_site_name":"Association des Administrateurs du Congo","article_modified_time":"2022-02-15T19:28:59+00:00","og_image":[{"width":1000,"height":562,"url":"https:\/\/administrateursrdc.com\/v\/wp-content\/uploads\/2022\/02\/adac200-e1644953280854.jpg","path":"\/home\/admifqsi\/public_html\/v\/wp-content\/uploads\/2022\/02\/adac200-e1644953280854.jpg","size":"full","id":9020,"alt":"","pixels":562000,"type":"image\/jpeg"}],"twitter_card":"summary_large_image","twitter_misc":{"Dur\u00e9e de lecture est.":"1 minute"},"schema":{"@context":"https:\/\/schema.org","@graph":[{"@type":"WebSite","@id":"https:\/\/administrateursrdc.com\/v\/#website","url":"https:\/\/administrateursrdc.com\/v\/","name":"Association des Administrateurs du Congo","description":"","potentialAction":[{"@type":"SearchAction","target":{"@type":"EntryPoint","urlTemplate":"https:\/\/administrateursrdc.com\/v\/?s={search_term_string}"},"query-input":"required name=search_term_string"}],"inLanguage":"fr-FR"},{"@type":"ImageObject","@id":"https:\/\/administrateursrdc.com\/v\/organisation-de-conference\/#primaryimage","inLanguage":"fr-FR","url":"https:\/\/administrateursrdc.com\/v\/wp-content\/uploads\/2022\/02\/adac200-e1644953280854.jpg","contentUrl":"https:\/\/administrateursrdc.com\/v\/wp-content\/uploads\/2022\/02\/adac200-e1644953280854.jpg","width":1000,"height":562},{"@type":"WebPage","@id":"https:\/\/administrateursrdc.com\/v\/organisation-de-conference\/#webpage","url":"https:\/\/administrateursrdc.com\/v\/organisation-de-conference\/","name":"organisation de conf\u00e9rence - Association des Administrateurs du Congo","isPartOf":{"@id":"https:\/\/administrateursrdc.com\/v\/#website"},"primaryImageOfPage":{"@id":"https:\/\/administrateursrdc.com\/v\/organisation-de-conference\/#primaryimage"},"datePublished":"2021-06-12T02:56:25+00:00","dateModified":"2022-02-15T19:28:59+00:00","breadcrumb":{"@id":"https:\/\/administrateursrdc.com\/v\/organisation-de-conference\/#breadcrumb"},"inLanguage":"fr-FR","potentialAction":[{"@type":"ReadAction","target":["https:\/\/administrateursrdc.com\/v\/organisation-de-conference\/"]}]},{"@type":"BreadcrumbList","@id":"https:\/\/administrateursrdc.com\/v\/organisation-de-conference\/#breadcrumb","itemListElement":[{"@type":"ListItem","position":1,"name":"Accueil","item":"https:\/\/administrateursrdc.com\/v\/"},{"@type":"ListItem","position":2,"name":"organisation de conf\u00e9rence"}]}]}},"_links":{"self":[{"href":"https:\/\/administrateursrdc.com\/v\/wp-json\/wp\/v2\/pages\/8686","targetHints":{"allow":["GET"]}}],"collection":[{"href":"https:\/\/administrateursrdc.com\/v\/wp-json\/wp\/v2\/pages"}],"about":[{"href":"https:\/\/administrateursrdc.com\/v\/wp-json\/wp\/v2\/types\/page"}],"author":[{"embeddable":true,"href":"https:\/\/administrateursrdc.com\/v\/wp-json\/wp\/v2\/users\/1"}],"replies":[{"embeddable":true,"href":"https:\/\/administrateursrdc.com\/v\/wp-json\/wp\/v2\/comments?post=8686"}],"version-history":[{"count":5,"href":"https:\/\/administrateursrdc.com\/v\/wp-json\/wp\/v2\/pages\/8686\/revisions"}],"predecessor-version":[{"id":8850,"href":"https:\/\/administrateursrdc.com\/v\/wp-json\/wp\/v2\/pages\/8686\/revisions\/8850"}],"wp:featuredmedia":[{"embeddable":true,"href":"https:\/\/administrateursrdc.com\/v\/wp-json\/wp\/v2\/media\/9020"}],"wp:attachment":[{"href":"https:\/\/administrateursrdc.com\/v\/wp-json\/wp\/v2\/media?parent=8686"}],"curies":[{"name":"wp","href":"https:\/\/api.w.org\/{rel}","templated":true}]}}