{"id":8657,"date":"2021-06-12T02:06:57","date_gmt":"2021-06-12T02:06:57","guid":{"rendered":"https:\/\/administrateursrdc.com\/v\/?page_id=8657"},"modified":"2024-03-21T20:42:40","modified_gmt":"2024-03-21T20:42:40","slug":"nos-fondateurs","status":"publish","type":"page","link":"https:\/\/administrateursrdc.com\/v\/nos-fondateurs\/","title":{"rendered":"Nos fondateurs"},"content":{"rendered":"<p>[vc_row full_width=&#8221;stretch_row&#8221; css=&#8221;.vc_custom_1538810623537{margin-top: 0px !important;margin-bottom: 0px !important;padding-top: 70px !important;padding-bottom: 40px !important;background-color: #ffffff !important;}&#8221;][vc_column css=&#8221;.vc_custom_1538810524253{margin-top: -8px !important;margin-bottom: 0px !important;padding-top: 0px !important;padding-bottom: 0px !important;}&#8221;][vc_custom_heading text=&#8221;Nos fondateurs&#8221; font_container=&#8221;tag:h1|font_size:30px|text_align:left|line_height:40px&#8221; use_theme_fonts=&#8221;yes&#8221; el_class=&#8221;font-weight-bold&#8221; css=&#8221;.vc_custom_1623463632971{margin-top: 0px !important;margin-bottom: 15px !important;}&#8221;][vc_column_text css=&#8221;.vc_custom_1623463458103{margin-top: 0px !important;margin-bottom: 20px !important;}&#8221;]<strong>F\u00e9licit\u00e9 Singa Boyenge<br \/>\nPr\u00e9sidente de l\u2019ADAC<\/strong>[\/vc_column_text][vc_column_text css=&#8221;.vc_custom_1644929899823{margin-top: 0px !important;margin-bottom: 20px !important;}&#8221;]<img loading=\"lazy\" decoding=\"async\" class=\"size-medium wp-image-8781 alignright\" src=\"https:\/\/administrateursrdc.com\/v\/wp-content\/uploads\/2018\/09\/Felicite-singa-1-200x300.jpg\" alt=\"\" width=\"200\" height=\"300\" srcset=\"https:\/\/administrateursrdc.com\/v\/wp-content\/uploads\/2018\/09\/Felicite-singa-1-200x300.jpg 200w, https:\/\/administrateursrdc.com\/v\/wp-content\/uploads\/2018\/09\/Felicite-singa-1.jpg 667w\" sizes=\"auto, (max-width: 200px) 100vw, 200px\" \/>Congolaise, plus de 26 ans d&#8217;exp\u00e9rience dans 3 institutions financi\u00e8res internationales en RDC \u00e0 diff\u00e9rents hauts postes strat\u00e9giques et d\u00e9cisionnels.<\/p>\n<p><a href=\"https:\/\/www.linkedin.com\/in\/f%C3%A9licit%C3%A9-singa-boyenge-365b8274\/\">F\u00e9licit\u00e9 Singa <\/a>a au cours de son parcours entre autres, \u00e9t\u00e9 en charge du d\u00e9veloppement des affaires, des op\u00e9rations, du cr\u00e9dit, de la tr\u00e9sorerie, des ressources humaines et de l&#8217;audit.<\/p>\n<p>Sur une p\u00e9riode de 18 ans, elle a \u00e9t\u00e9 membre du conseil d&#8217;administration dans chacune des banques.<\/p>\n<p>Vice-Pr\u00e9sente de l&#8217;ACB (Association Congolaise des Banques) et du club des dirigeants des \u00e9tablissements de cr\u00e9dit d&#8217;Afrique durant un mandat de 3 ans.<\/p>\n<p>Co-Fondatrice et Pr\u00e9sidente de &#8220;The Bankers Club DRC&#8221; et de l&#8217;ADAC (Association des Administrateurs du Congo).<\/p>\n<p>Pr\u00e9sidente du Conseil d&#8217;Administration d&#8217;Airtel Money et Administrateur dans le conseil de SUNU Assurances IARD RDC.[\/vc_column_text][vc_empty_space height=&#8221;40px&#8221;][vc_column_text css=&#8221;.vc_custom_1623463740813{margin-top: 0px !important;margin-bottom: 20px !important;}&#8221;]<strong>Alfred KASONGO<br \/>\nVice-pr\u00e9sident de l\u2019ADAC<br \/>\n<\/strong>[\/vc_column_text][vc_column_text css=&#8221;.vc_custom_1644929978630{margin-top: 0px !important;margin-bottom: 20px !important;}&#8221;]<img loading=\"lazy\" decoding=\"async\" class=\"size-full wp-image-8668 alignleft\" src=\"https:\/\/administrateursrdc.com\/v\/wp-content\/uploads\/2021\/06\/alfred1.jpg\" alt=\"\" width=\"182\" height=\"214\" \/>Dipl\u00f4m\u00e9 de l\u2019Universit\u00e9 de Paris X \u2013 Nanterre, en Gestion des Entreprises et de L\u2019Ecole Sup\u00e9rieure de Gestion de Paris, en Management International,\u00a0<a href=\"https:\/\/www.linkedin.com\/in\/alfredkasongo\/\">Alfred Kasongo<\/a> est un dirigeant exp\u00e9riment\u00e9, fort de plus de 20 ans d&#8217;expertise bancaire, financi\u00e8re et en d\u00e9veloppement des affaires, acquise au sein d\u2019institutions financi\u00e8res internationales et r\u00e9gionales dans les march\u00e9s \u00e9mergents d&#8217;Afrique sub-saharienne.<\/p>\n<p>Consultant en mati\u00e8re de banque et finance aupr\u00e8s de plusieurs cabinets internationaux au Royaume-Uni et aux Etats-Unis, administrateur de soci\u00e9t\u00e9s, il co-dirige aujourd&#8217;hui un cabinet de conseil en R\u00e9publique D\u00e9mocratique du Congo.[\/vc_column_text][vc_empty_space height=&#8221;40px&#8221;][vc_empty_space height=&#8221;40px&#8221;][vc_column_text css=&#8221;.vc_custom_1623463884797{margin-top: 0px !important;margin-bottom: 20px !important;}&#8221;]<strong>Romain Battajon<br \/>\nSecr\u00e9taire g\u00e9n\u00e9ral de l\u2019ADAC<br \/>\n<\/strong>[\/vc_column_text][vc_column_text css=&#8221;.vc_custom_1644929408070{margin-top: 0px !important;margin-bottom: 20px !important;}&#8221;]<img loading=\"lazy\" decoding=\"async\" class=\"size-full wp-image-8669 alignright\" src=\"https:\/\/administrateursrdc.com\/v\/wp-content\/uploads\/2021\/06\/romain1.jpg\" alt=\"\" width=\"182\" height=\"214\" \/><a class=\"ql-mention\" spellcheck=\"false\" href=\"https:\/\/www.linkedin.com\/in\/romain-battajon-15a6021a\/\" data-entity-urn=\"urn:li:fsd_profile:ACoAAAQBNlYBP1dHL0Wx9MQuvQMsCizXe3gYrMQ\" data-guid=\"0\" data-object-urn=\"urn:li:member:67188310\" data-original-text=\"Romain Battajon\" data-ntt-old-href=\"#\">Romain Battajon<\/a> est enregistr\u00e9 aux barreaux de Kinshasa\/Matete (R\u00e9publique D\u00e9mocratique du Congo) et de Bruxelles (liste B), et est associ\u00e9 de DALDEWOLF.<br \/>\nRomain dirige le bureau de Kinshasa.<\/p>\n<p>Romain a d\u2019abord \u00e9t\u00e9 enseignant-chercheur en droit p\u00e9nal \u00e0 la Facult\u00e9 de Droit de l\u2019Universit\u00e9 Paris I \u2013 Panth\u00e9on Sorbonne, assistant de justice au Tribunal de Grande Instance de Paris, et a pratiqu\u00e9 comme avocat \u00e0 Paris pendant une dizaine d\u2019ann\u00e9es, en droit p\u00e9nal des affaires, droit de la responsabilit\u00e9 civile et contentieux commercial.<\/p>\n<p>Il a d\u00e9velopp\u00e9 depuis 2007 une expertise en droit OHADA et, plus largement, en droit des affaires et contentieux des affaires en R\u00e9publique D\u00e9mocratique du Congo depuis 2007, o\u00f9 il assiste notamment de nombreuses multinationales et PME dans leurs projets et dans leurs activit\u00e9s quotidiennes, des institutions financi\u00e8res, des organismes internationaux ainsi que des expatri\u00e9s.[\/vc_column_text][vc_empty_space height=&#8221;40px&#8221;][vc_empty_space height=&#8221;40px&#8221;][vc_column_text css=&#8221;.vc_custom_1623463943830{margin-top: 0px !important;margin-bottom: 20px !important;}&#8221;]<strong>Christian Kazumba<br \/>\nResponsable de la communication de l\u2019ADAC<br \/>\n<\/strong>[\/vc_column_text][vc_column_text css=&#8221;.vc_custom_1711053750476{margin-top: 0px !important;margin-bottom: 20px !important;}&#8221;]<img loading=\"lazy\" decoding=\"async\" class=\"wp-image-9106 size-medium alignright\" src=\"https:\/\/administrateursrdc.com\/v\/wp-content\/uploads\/2023\/03\/10-300x166.png\" alt=\"\" width=\"300\" height=\"166\" srcset=\"https:\/\/administrateursrdc.com\/v\/wp-content\/uploads\/2023\/03\/10-300x166.png 300w, https:\/\/administrateursrdc.com\/v\/wp-content\/uploads\/2023\/03\/10.png 690w\" sizes=\"auto, (max-width: 300px) 100vw, 300px\" \/>Dipl\u00f4m\u00e9 des universit\u00e9s de Paris-Dauphine et de Paris Assas, <a href=\"http:\/\/www.linkedin.com\/in\/christiankazumba\">Christian Kazumba<\/a> poss\u00e8de 17 ans d&#8217;exp\u00e9rience professionnelle \u00e0 des postes de Direction en Europe et sur le continent africain.<\/p>\n<p>Ainsi, il a exerc\u00e9 notamment, pendant plus de 9 ans, les fonctions de Directeur du service clients et de Directeur du d\u00e9veloppement de l\u2019une des principales banques \u00ab\u00a0on-line\u00a0\u00bb fran\u00e7aises.<\/p>\n<p>Travaillant depuis quatorze ans sur le continent africain, son parcours lui a permis d\u2019\u00e9voluer successivement au Maroc, au Mali, au Burkina Faso, au Togo et en RD Congo, \u00e0 des postes de Direction op\u00e9rationnelle ou g\u00e9n\u00e9rale, dans des entreprises du secteur des services. Il a \u00e9galement accompagn\u00e9, pour le compte d\u2019un \u00ab Big Four \u00bb en RDC, un projet Banque Mondiale de mise en place de centres de PME \u00e0 Kinshasa, Lubumbashi, Goma et Matadi.<\/p>\n<p>Apres avoir dirig\u00e9 la filiale gabonaise, \u00e0 Libreville, d&#8217;Entrepreneurial Solutions Partners (cabinet de conseil et d&#8217;investissement), il est d\u00e9sormais bas\u00e9 \u00e0 Abidjan ou il pilote l&#8217;ensemble des projets de ce cabinet international qui visent \u00e0 d\u00e9velopper le secteur priv\u00e9 au Rwanda, au S\u00e9n\u00e9gal, au Gabon, en C\u00f4te d&#8217;Ivoire, au Togo, au B\u00e9nin et en RD Congo.[\/vc_column_text][vc_empty_space height=&#8221;40px&#8221;][vc_empty_space height=&#8221;40px&#8221;][vc_column_text css=&#8221;.vc_custom_1624513558728{margin-top: 0px !important;margin-bottom: 20px !important;}&#8221;]<strong>Aline BUHENDWA NTAKWINDJA<br \/>\nSecr\u00e9taire G\u00e9n\u00e9rale Adjointe de l&#8217;ADAC<br \/>\n<\/strong>[\/vc_column_text][vc_column_text css=&#8221;.vc_custom_1645001920069{margin-top: 0px !important;margin-bottom: 20px !important;}&#8221;]<img loading=\"lazy\" decoding=\"async\" class=\"alignleft wp-image-8787 size-thumbnail\" src=\"https:\/\/administrateursrdc.com\/v\/wp-content\/uploads\/2021\/06\/aline1-150x150.jpg\" alt=\"\" width=\"150\" height=\"150\" \/><a href=\"https:\/\/www.linkedin.com\/in\/aline-buhendwa-ntakwindja-99a04b17b\/\">Aline <\/a>est Licenci\u00e9e en Droit de l\u2019Universit\u00e9 Catholique de Louvain en Belgique (promotion 1998)<br \/>\nAvocate au Barreau Francophone de Bruxelles, Belgique (Fin 1999 \u2013 Juillet 2005), elle possede<br \/>\n14 ans d\u2019exp\u00e9rience comme Secr\u00e9taire G\u00e9n\u00e9rale et Directrice Juridique de Banques de renom en RDC<br \/>\nSes domaines de comp\u00e9tences sont les suivants : gouvernance d&#8217;entreprise et gestion des risques juridiques[\/vc_column_text][vc_empty_space height=&#8221;40px&#8221;][vc_empty_space height=&#8221;40px&#8221;][vc_empty_space height=&#8221;40px&#8221;][vc_column_text css=&#8221;.vc_custom_1624329851184{margin-top: 0px !important;margin-bottom: 20px !important;}&#8221;]<strong>Ted Matunga<br \/>\nTr\u00e9sorier de l&#8217;ADAC<br \/>\n<\/strong>[\/vc_column_text][vc_column_text css=&#8221;.vc_custom_1645002152118{margin-top: 0px !important;margin-bottom: 20px !important;}&#8221;]<img loading=\"lazy\" decoding=\"async\" class=\"size-medium wp-image-8780 alignleft\" src=\"https:\/\/administrateursrdc.com\/v\/wp-content\/uploads\/2021\/06\/Ted-Matunga-269x300.jpg\" alt=\"\" width=\"269\" height=\"300\" srcset=\"https:\/\/administrateursrdc.com\/v\/wp-content\/uploads\/2021\/06\/Ted-Matunga-269x300.jpg 269w, https:\/\/administrateursrdc.com\/v\/wp-content\/uploads\/2021\/06\/Ted-Matunga-919x1024.jpg 919w, https:\/\/administrateursrdc.com\/v\/wp-content\/uploads\/2021\/06\/Ted-Matunga-768x856.jpg 768w, https:\/\/administrateursrdc.com\/v\/wp-content\/uploads\/2021\/06\/Ted-Matunga.jpg 943w\" sizes=\"auto, (max-width: 269px) 100vw, 269px\" \/>Monsieur <a href=\"https:\/\/www.linkedin.com\/in\/ted-matunga-6018b278\/\">Ted Matunga<\/a>, Audit Partner du cabinet BMCG-Management Consultants apr\u00e8s quelques ann\u00e9es au sein du cabinet AMJ &amp; associates. Expert-comptable agr\u00e9\u00e9 de l\u2019Ordre National des Experts-comptables de la RDC (ONEC), a accumul\u00e9 pendant 14 ans une exp\u00e9rience professionnelle dans les domaines de l&#8217;audit, de l\u2019expertise comptable et de l\u2019ing\u00e9nierie fiscale dans entre autres les banques, les assurances, l&#8217;immobilier, les t\u00e9l\u00e9communications, les mines &amp; l&#8217;\u00e9nergie[\/vc_column_text][vc_empty_space height=&#8221;40px&#8221;][vc_empty_space height=&#8221;40px&#8221;][vc_empty_space height=&#8221;40px&#8221;][vc_empty_space height=&#8221;40px&#8221;][vc_empty_space height=&#8221;40px&#8221;][vc_empty_space height=&#8221;40px&#8221;][vc_column_text css=&#8221;.vc_custom_1623464034484{margin-top: 0px !important;margin-bottom: 20px !important;}&#8221;]<strong>Ghislaine Djapouop<br \/>\nTr\u00e9sori\u00e8re adjointe de L\u2019ADAC<br \/>\n<\/strong>[\/vc_column_text][vc_column_text css=&#8221;.vc_custom_1645002281734{margin-top: 0px !important;margin-bottom: 20px !important;}&#8221;]<img loading=\"lazy\" decoding=\"async\" class=\"size-full wp-image-8671 alignright\" src=\"https:\/\/administrateursrdc.com\/v\/wp-content\/uploads\/2021\/06\/diop1.jpg\" alt=\"\" width=\"182\" height=\"214\" \/><a href=\"https:\/\/www.linkedin.com\/in\/ghislaine-djapouop-kouassi-africa-public-sector-reform-consulting\/\">Ghislaine Djapouop<\/a>, 43 ans, d\u00e9bute sa carri\u00e8re au Cameroun en 1998 en tant que comptable et tr\u00e9sori\u00e8re de la soci\u00e9t\u00e9 SOTRAV. Apr\u00e8s deux exp\u00e9riences comme responsable administratif et financier, elle quitte le Cameroun pour continuer ses \u00e9tudes et obtient 2 MBAs, au CESAG puis \u00e0 l&#8217;INSEAD.<\/p>\n<p>Elle rejoint le monde du conseil en Afrique du Sud en 2005 o\u00f9 elle devient consultante en strat\u00e9gie, successivement chez Decipher Consulting et Gemini Consulting.<\/p>\n<p>En 2008, elle rejoint les \u00e9quipes Conseil de PwC Gabon, avant de s\u2019installer en R\u00e9publique d\u00e9mocratique du Congo, o\u00f9 elle est nomm\u00e9e Directrice en 2014. Elle remplit notamment des missions d\u2019am\u00e9lioration du climat des affaires et de r\u00e9forme du secteur public. Ghislaine Djapouop a la responsabilit\u00e9 de d\u00e9velopper les activit\u00e9s de PwC en Afrique francophone subsaharienne aupr\u00e8s des bailleurs de fonds internationaux[\/vc_column_text][vc_empty_space height=&#8221;40px&#8221;][vc_column_text css=&#8221;.vc_custom_1623464115229{margin-top: 0px !important;margin-bottom: 20px !important;}&#8221;]<strong>Marcellin Paluku<br \/>\nResponsable des activit\u00e9s et \u00e9v\u00e8nements de l\u2019ADAC<br \/>\n<\/strong>[\/vc_column_text][vc_column_text css=&#8221;.vc_custom_1645002385576{margin-top: 0px !important;margin-bottom: 20px !important;}&#8221;]<img loading=\"lazy\" decoding=\"async\" class=\"size-full wp-image-8672 alignleft\" src=\"https:\/\/administrateursrdc.com\/v\/wp-content\/uploads\/2021\/06\/marcel1.jpg\" alt=\"\" width=\"182\" height=\"214\" \/> <a href=\"https:\/\/www.linkedin.com\/in\/marcellin-paluku-743b21b6\/\">Marcellin Paluku<\/a> est un professionnel accompli et dot\u00e9 d\u2019une exp\u00e9rience de 25 ans dans les secteurs des T\u00e9l\u00e9communications, des Industries alimentaires, des nouvelles technologies et de la banque. Il a travaill\u00e9 et r\u00e9sid\u00e9 dans plus de 10 pays du continent au sein des multinationales des plus r\u00e9put\u00e9es \u00e0 l\u2019instar de : Coca-Cola Africa, Heineken, Vlisco, Airtel, Diageo\/Guinness et Ecobank ;<\/p>\n<p>Ses exp\u00e9riences professionnelles sont, notamment, les suivantes :<\/p>\n<p>ECOBANK GROUP : DIRECTEUR REGIONAL (18 pays) (Afrique central ; de l\u2019Est et la SADEC)<br \/>\nDIAGEO\/GUINNESS: Directeur G\u00e9n\u00e9ral Cote d\u2019Ivoire<br \/>\nAIRTEL Group: Directeur G\u00e9n\u00e9ral Rwanda<br \/>\nGUINNESS: Directeur R\u00e9gional (9 Pays en Afrique de l\u2019Ouest)<br \/>\nHEINEKEN: Directeur de Distribution et Ventes- Kinshasa<br \/>\nCOCA-COLA international : Directeur Marketing &amp; Op\u00e9rations en Afrique Centrale[\/vc_column_text][\/vc_column][\/vc_row][vc_row][vc_column][\/vc_column][\/vc_row]<\/p>\n","protected":false},"excerpt":{"rendered":"<p>[vc_row full_width=&#8221;stretch_row&#8221; css=&#8221;.vc_custom_1538810623537{margin-top: 0px !important;margin-bottom: 0px !important;padding-top: 70px !important;padding-bottom: 40px !important;background-color: #ffffff !important;}&#8221;][vc_column css=&#8221;.vc_custom_1538810524253{margin-top: -8px !important;margin-bottom: 0px !important;padding-top: 0px !important;padding-bottom: 0px !important;}&#8221;][vc_custom_heading text=&#8221;Nos fondateurs&#8221; font_container=&#8221;tag:h1|font_size:30px|text_align:left|line_height:40px&#8221; use_theme_fonts=&#8221;yes&#8221; el_class=&#8221;font-weight-bold&#8221; css=&#8221;.vc_custom_1623463632971{margin-top: 0px !important;margin-bottom: 15px !important;}&#8221;][vc_column_text css=&#8221;.vc_custom_1623463458103{margin-top: 0px !important;margin-bottom: 20px !important;}&#8221;]F\u00e9licit\u00e9 Singa Boyenge Pr\u00e9sidente de l\u2019ADAC[\/vc_column_text][vc_column_text css=&#8221;.vc_custom_1644929899823{margin-top: 0px !important;margin-bottom: 20px !important;}&#8221;]Congolaise, plus de 26 ans d&#8217;exp\u00e9rience dans 3 institutions [&hellip;]<\/p>\n","protected":false},"author":1,"featured_media":0,"parent":0,"menu_order":0,"comment_status":"closed","ping_status":"closed","template":"","meta":{"footnotes":""},"class_list":["post-8657","page","type-page","status-publish","hentry"],"yoast_head":"<!-- This site is optimized with the Yoast SEO plugin v17.2 - https:\/\/yoast.com\/wordpress\/plugins\/seo\/ -->\n<title>Nos fondateurs - Association des Administrateurs du Congo<\/title>\n<meta name=\"description\" content=\"D\u00e9couvrez la composition et l&#039;exp\u00e9rience professionnelle de notre \u00e9quipe fondatrice.\" \/>\n<meta name=\"robots\" content=\"index, follow, max-snippet:-1, max-image-preview:large, max-video-preview:-1\" \/>\n<link rel=\"canonical\" href=\"https:\/\/administrateursrdc.com\/v\/nos-fondateurs\/\" \/>\n<meta property=\"og:locale\" content=\"fr_FR\" \/>\n<meta property=\"og:type\" content=\"article\" \/>\n<meta property=\"og:title\" content=\"Nos fondateurs - Association des Administrateurs du Congo\" \/>\n<meta property=\"og:description\" content=\"D\u00e9couvrez la composition et l&#039;exp\u00e9rience professionnelle de notre \u00e9quipe fondatrice.\" \/>\n<meta property=\"og:url\" content=\"https:\/\/administrateursrdc.com\/v\/nos-fondateurs\/\" \/>\n<meta property=\"og:site_name\" content=\"Association des Administrateurs du Congo\" \/>\n<meta property=\"article:modified_time\" content=\"2024-03-21T20:42:40+00:00\" \/>\n<meta property=\"og:image\" content=\"https:\/\/administrateursrdc.com\/v\/wp-content\/uploads\/2018\/09\/Felicite-singa-1-200x300.jpg\" \/>\n<meta name=\"twitter:card\" content=\"summary_large_image\" \/>\n<meta name=\"twitter:label1\" content=\"Dur\u00e9e de lecture est.\" \/>\n\t<meta name=\"twitter:data1\" content=\"7 minutes\" \/>\n<script type=\"application\/ld+json\" class=\"yoast-schema-graph\">{\"@context\":\"https:\/\/schema.org\",\"@graph\":[{\"@type\":\"WebSite\",\"@id\":\"https:\/\/administrateursrdc.com\/v\/#website\",\"url\":\"https:\/\/administrateursrdc.com\/v\/\",\"name\":\"Association des Administrateurs du Congo\",\"description\":\"\",\"potentialAction\":[{\"@type\":\"SearchAction\",\"target\":{\"@type\":\"EntryPoint\",\"urlTemplate\":\"https:\/\/administrateursrdc.com\/v\/?s={search_term_string}\"},\"query-input\":\"required name=search_term_string\"}],\"inLanguage\":\"fr-FR\"},{\"@type\":\"ImageObject\",\"@id\":\"https:\/\/administrateursrdc.com\/v\/nos-fondateurs\/#primaryimage\",\"inLanguage\":\"fr-FR\",\"url\":\"https:\/\/administrateursrdc.com\/v\/wp-content\/uploads\/2018\/09\/Felicite-singa-1.jpg\",\"contentUrl\":\"https:\/\/administrateursrdc.com\/v\/wp-content\/uploads\/2018\/09\/Felicite-singa-1.jpg\",\"width\":667,\"height\":1000},{\"@type\":\"WebPage\",\"@id\":\"https:\/\/administrateursrdc.com\/v\/nos-fondateurs\/#webpage\",\"url\":\"https:\/\/administrateursrdc.com\/v\/nos-fondateurs\/\",\"name\":\"Nos fondateurs - Association des Administrateurs du Congo\",\"isPartOf\":{\"@id\":\"https:\/\/administrateursrdc.com\/v\/#website\"},\"primaryImageOfPage\":{\"@id\":\"https:\/\/administrateursrdc.com\/v\/nos-fondateurs\/#primaryimage\"},\"datePublished\":\"2021-06-12T02:06:57+00:00\",\"dateModified\":\"2024-03-21T20:42:40+00:00\",\"description\":\"D\\u00e9couvrez la composition et l'exp\\u00e9rience professionnelle de notre \\u00e9quipe fondatrice.\",\"breadcrumb\":{\"@id\":\"https:\/\/administrateursrdc.com\/v\/nos-fondateurs\/#breadcrumb\"},\"inLanguage\":\"fr-FR\",\"potentialAction\":[{\"@type\":\"ReadAction\",\"target\":[\"https:\/\/administrateursrdc.com\/v\/nos-fondateurs\/\"]}]},{\"@type\":\"BreadcrumbList\",\"@id\":\"https:\/\/administrateursrdc.com\/v\/nos-fondateurs\/#breadcrumb\",\"itemListElement\":[{\"@type\":\"ListItem\",\"position\":1,\"name\":\"Accueil\",\"item\":\"https:\/\/administrateursrdc.com\/v\/\"},{\"@type\":\"ListItem\",\"position\":2,\"name\":\"Nos fondateurs\"}]}]}<\/script>\n<!-- \/ Yoast SEO plugin. -->","yoast_head_json":{"title":"Nos fondateurs - Association des Administrateurs du Congo","description":"D\u00e9couvrez la composition et l'exp\u00e9rience professionnelle de notre \u00e9quipe fondatrice.","robots":{"index":"index","follow":"follow","max-snippet":"max-snippet:-1","max-image-preview":"max-image-preview:large","max-video-preview":"max-video-preview:-1"},"canonical":"https:\/\/administrateursrdc.com\/v\/nos-fondateurs\/","og_locale":"fr_FR","og_type":"article","og_title":"Nos fondateurs - Association des Administrateurs du Congo","og_description":"D\u00e9couvrez la composition et l'exp\u00e9rience professionnelle de notre \u00e9quipe fondatrice.","og_url":"https:\/\/administrateursrdc.com\/v\/nos-fondateurs\/","og_site_name":"Association des Administrateurs du Congo","article_modified_time":"2024-03-21T20:42:40+00:00","og_image":[{"url":"https:\/\/administrateursrdc.com\/v\/wp-content\/uploads\/2018\/09\/Felicite-singa-1-200x300.jpg"}],"twitter_card":"summary_large_image","twitter_misc":{"Dur\u00e9e de lecture est.":"7 minutes"},"schema":{"@context":"https:\/\/schema.org","@graph":[{"@type":"WebSite","@id":"https:\/\/administrateursrdc.com\/v\/#website","url":"https:\/\/administrateursrdc.com\/v\/","name":"Association des Administrateurs du Congo","description":"","potentialAction":[{"@type":"SearchAction","target":{"@type":"EntryPoint","urlTemplate":"https:\/\/administrateursrdc.com\/v\/?s={search_term_string}"},"query-input":"required name=search_term_string"}],"inLanguage":"fr-FR"},{"@type":"ImageObject","@id":"https:\/\/administrateursrdc.com\/v\/nos-fondateurs\/#primaryimage","inLanguage":"fr-FR","url":"https:\/\/administrateursrdc.com\/v\/wp-content\/uploads\/2018\/09\/Felicite-singa-1.jpg","contentUrl":"https:\/\/administrateursrdc.com\/v\/wp-content\/uploads\/2018\/09\/Felicite-singa-1.jpg","width":667,"height":1000},{"@type":"WebPage","@id":"https:\/\/administrateursrdc.com\/v\/nos-fondateurs\/#webpage","url":"https:\/\/administrateursrdc.com\/v\/nos-fondateurs\/","name":"Nos fondateurs - Association des Administrateurs du Congo","isPartOf":{"@id":"https:\/\/administrateursrdc.com\/v\/#website"},"primaryImageOfPage":{"@id":"https:\/\/administrateursrdc.com\/v\/nos-fondateurs\/#primaryimage"},"datePublished":"2021-06-12T02:06:57+00:00","dateModified":"2024-03-21T20:42:40+00:00","description":"D\u00e9couvrez la composition et l'exp\u00e9rience professionnelle de notre \u00e9quipe fondatrice.","breadcrumb":{"@id":"https:\/\/administrateursrdc.com\/v\/nos-fondateurs\/#breadcrumb"},"inLanguage":"fr-FR","potentialAction":[{"@type":"ReadAction","target":["https:\/\/administrateursrdc.com\/v\/nos-fondateurs\/"]}]},{"@type":"BreadcrumbList","@id":"https:\/\/administrateursrdc.com\/v\/nos-fondateurs\/#breadcrumb","itemListElement":[{"@type":"ListItem","position":1,"name":"Accueil","item":"https:\/\/administrateursrdc.com\/v\/"},{"@type":"ListItem","position":2,"name":"Nos fondateurs"}]}]}},"_links":{"self":[{"href":"https:\/\/administrateursrdc.com\/v\/wp-json\/wp\/v2\/pages\/8657","targetHints":{"allow":["GET"]}}],"collection":[{"href":"https:\/\/administrateursrdc.com\/v\/wp-json\/wp\/v2\/pages"}],"about":[{"href":"https:\/\/administrateursrdc.com\/v\/wp-json\/wp\/v2\/types\/page"}],"author":[{"embeddable":true,"href":"https:\/\/administrateursrdc.com\/v\/wp-json\/wp\/v2\/users\/1"}],"replies":[{"embeddable":true,"href":"https:\/\/administrateursrdc.com\/v\/wp-json\/wp\/v2\/comments?post=8657"}],"version-history":[{"count":57,"href":"https:\/\/administrateursrdc.com\/v\/wp-json\/wp\/v2\/pages\/8657\/revisions"}],"predecessor-version":[{"id":9171,"href":"https:\/\/administrateursrdc.com\/v\/wp-json\/wp\/v2\/pages\/8657\/revisions\/9171"}],"wp:attachment":[{"href":"https:\/\/administrateursrdc.com\/v\/wp-json\/wp\/v2\/media?parent=8657"}],"curies":[{"name":"wp","href":"https:\/\/api.w.org\/{rel}","templated":true}]}}