{"id":8653,"date":"2021-06-12T01:57:22","date_gmt":"2021-06-12T01:57:22","guid":{"rendered":"https:\/\/administrateursrdc.com\/v\/?page_id=8653"},"modified":"2022-02-02T08:53:50","modified_gmt":"2022-02-02T08:53:50","slug":"notre-vision","status":"publish","type":"page","link":"https:\/\/administrateursrdc.com\/v\/notre-vision\/","title":{"rendered":"Notre vision"},"content":{"rendered":"<p>[vc_row full_width=&#8221;stretch_row&#8221; css=&#8221;.vc_custom_1538810623537{margin-top: 0px !important;margin-bottom: 0px !important;padding-top: 70px !important;padding-bottom: 40px !important;background-color: #ffffff !important;}&#8221;][vc_column css=&#8221;.vc_custom_1538810524253{margin-top: -8px !important;margin-bottom: 0px !important;padding-top: 0px !important;padding-bottom: 0px !important;}&#8221;][vc_custom_heading text=&#8221;Notre vision&#8221; font_container=&#8221;tag:h1|font_size:30px|text_align:left|line_height:40px&#8221; use_theme_fonts=&#8221;yes&#8221; el_class=&#8221;font-weight-bold&#8221; css=&#8221;.vc_custom_1623463060645{margin-top: 0px !important;margin-bottom: 15px !important;}&#8221;][vc_column_text css=&#8221;.vc_custom_1643792022728{margin-top: 0px !important;margin-bottom: 20px !important;}&#8221;]<img loading=\"lazy\" decoding=\"async\" class=\"wp-image-8993 alignright\" src=\"https:\/\/administrateursrdc.com\/v\/wp-content\/uploads\/2022\/02\/adacsite-300x300.jpg\" alt=\"\" width=\"430\" height=\"430\" srcset=\"https:\/\/administrateursrdc.com\/v\/wp-content\/uploads\/2022\/02\/adacsite-300x300.jpg 300w, https:\/\/administrateursrdc.com\/v\/wp-content\/uploads\/2022\/02\/adacsite-1024x1024.jpg 1024w, https:\/\/administrateursrdc.com\/v\/wp-content\/uploads\/2022\/02\/adacsite-150x150.jpg 150w, https:\/\/administrateursrdc.com\/v\/wp-content\/uploads\/2022\/02\/adacsite-768x768.jpg 768w, https:\/\/administrateursrdc.com\/v\/wp-content\/uploads\/2022\/02\/adacsite-1536x1536.jpg 1536w, https:\/\/administrateursrdc.com\/v\/wp-content\/uploads\/2022\/02\/adacsite.jpg 2048w\" sizes=\"auto, (max-width: 430px) 100vw, 430px\" \/>Sous toutes les latitudes, la vie \u00e9conomique et financi\u00e8re a connu une profonde crise au cours des derni\u00e8res ann\u00e9es. Plus que jamais, en R\u00e9publique D\u00e9mocratique du Congo, nos entreprises sont dans l\u2019obligation de relever le <span style=\"color: #3366ff;\"><strong>d\u00e9fi de la comp\u00e9titivit\u00e9<\/strong><\/span>, dans un environnement fortement marqu\u00e9 par la mondialisation des investissements entra\u00eenant une standardisation de l\u2019ensemble des normes.[\/vc_column_text][vc_column_text css=&#8221;.vc_custom_1627895707694{margin-top: 0px !important;margin-bottom: 20px !important;}&#8221;]La comp\u00e9titivit\u00e9 des entreprises congolaises, dans un tel contexte, rend n\u00e9cessaire l\u2019existence de modes de gouvernance bas\u00e9s sur l<em><strong>a transparence<\/strong><\/em>, gage d\u2019efficacit\u00e9 et de r\u00e9ussite.<\/p>\n<p>&nbsp;<\/p>\n<p>A la lecture de nombreuses contre-performances ou \u00e9checs de certains de nos op\u00e9rateurs \u00e9conomiques, nous sommes convaincus que seul le respect des <a href=\"https:\/\/administrateursrdc.com\/v\/2021\/06\/16\/regles-de-bonne-gouvernance\/\">r\u00e8gles de bonne gouvernance en entreprise<\/a> peut permettre \u00e0 nos structures de fonctionner d\u2019une mani\u00e8re effective et d\u2019en assurer la croissance.<\/p>\n<p>&nbsp;<\/p>\n<p>Cette bonne gouvernance consiste pour l\u2019essentiel, \u00e0 la conjugaison d\u2019organes transparents et responsables, <span style=\"color: #3366ff;\"><span style=\"color: #003300;\">de<\/span><\/span><em><strong><span style=\"color: #3366ff;\"> solides qualifications et comp\u00e9tences des administrateurs et dirigeants<\/span><\/strong><\/em>, ainsi que d\u2019une forte volont\u00e9 de faire toujours ce qui est juste pour l\u2019int\u00e9r\u00eat social.<\/p>\n<p>C\u2019est cet ensemble de pr\u00e9requis qui permet \u00e0 une entreprise d\u2019atteindre ses objectifs et de p\u00e9renniser de mani\u00e8re effective ses activit\u00e9s au profit de tous les agents \u00e9conomiques.<\/p>\n<p>&nbsp;<\/p>\n<p>Nous sommes persuad\u00e9s que la bonne gouvernance, tant aupr\u00e8s des entreprises priv\u00e9es que celles o\u00f9 l\u2019Etat est actionnaire, permet \u00e9galement d\u2019am\u00e9liorer le climat des affaires, de renforcer l\u2019int\u00e9r\u00eat des investisseurs nationaux et internationaux pour notre pays et d\u2019acc\u00e9l\u00e9rer ainsi le d\u00e9veloppement \u00e9conomique.[\/vc_column_text][vc_column_text css=&#8221;.vc_custom_1627895200853{margin-top: 0px !important;margin-bottom: 20px !important;}&#8221;]C\u2019est dans cette optique qu\u2019une dynamique d\u2019hommes et femmes hautement qualifi\u00e9s, consciente de l\u2019importance de la sensibilisation aux valeurs de bonne gouvernance, \u00e0 cr\u00e9e l\u2019Association des Administrateurs du Congo (\u00ab ADAC \u00bb en sigle), sous forme d\u2019une association \u00e0 but non lucratif.<\/p>\n<p>&nbsp;<\/p>\n<p>Il apparait clairement que le <a href=\"https:\/\/administrateursrdc.com\/v\/2021\/06\/16\/climat-des-affires-en-rd-congo\/\">climat des affaires en RD Congo<\/a> s&#8217;am\u00e9liorera lorsque les entreprises et organisations, exer\u00e7ant sur le territoire national,\u00a0 mettront en \u0153uvre des pratiques conformes aux normes internationales.<\/p>\n<p>&nbsp;<\/p>\n<p>En cons\u00e9quence et de mani\u00e8re tr\u00e8s pragmatique, notre ASBL a vocation \u00e0 prendre en charge les missions suivantes :<\/p>\n<p>&nbsp;<\/p>\n<ul>\n<li style=\"list-style-type: none;\">\n<ul>\n<li><a href=\"https:\/\/administrateursrdc.com\/v\/presentation-de-candidats-pour-la-fonction-dadministrateur\/\">Elaborer une base de donn\u00e9es de professionnels <\/a>(administrateurs et mandataires).<\/li>\n<li>R\u00e9unir les professionnels concern\u00e9s \u00e0 travers un r\u00e9seau.<\/li>\n<li>Professionnaliser la fonction d\u2019Administrateurs.<\/li>\n<li>Maximiser les \u00e9changes de comp\u00e9tences et d\u2019exp\u00e9riences.<\/li>\n<li>Promouvoir une gouvernance d\u2019entreprise constructive.<\/li>\n<li>Cr\u00e9er de la valeur-ajout\u00e9e pour les entreprises.<\/li>\n<li><a href=\"https:\/\/administrateursrdc.com\/v\/organisation-de-conference\/\">Programmer des s\u00e9minaires et des conf\u00e9rences.<\/a>.<\/li>\n<\/ul>\n<\/li>\n<\/ul>\n<p>[\/vc_column_text][\/vc_column][\/vc_row]<\/p>\n","protected":false},"excerpt":{"rendered":"<p>[vc_row full_width=&#8221;stretch_row&#8221; css=&#8221;.vc_custom_1538810623537{margin-top: 0px !important;margin-bottom: 0px !important;padding-top: 70px !important;padding-bottom: 40px !important;background-color: #ffffff !important;}&#8221;][vc_column css=&#8221;.vc_custom_1538810524253{margin-top: -8px !important;margin-bottom: 0px !important;padding-top: 0px !important;padding-bottom: 0px !important;}&#8221;][vc_custom_heading text=&#8221;Notre vision&#8221; font_container=&#8221;tag:h1|font_size:30px|text_align:left|line_height:40px&#8221; use_theme_fonts=&#8221;yes&#8221; el_class=&#8221;font-weight-bold&#8221; css=&#8221;.vc_custom_1623463060645{margin-top: 0px !important;margin-bottom: 15px !important;}&#8221;][vc_column_text css=&#8221;.vc_custom_1643792022728{margin-top: 0px !important;margin-bottom: 20px !important;}&#8221;]Sous toutes les latitudes, la vie \u00e9conomique et financi\u00e8re a connu une profonde crise au cours des derni\u00e8res ann\u00e9es. [&hellip;]<\/p>\n","protected":false},"author":1,"featured_media":0,"parent":0,"menu_order":0,"comment_status":"closed","ping_status":"closed","template":"","meta":{"footnotes":""},"class_list":["post-8653","page","type-page","status-publish","hentry"],"yoast_head":"<!-- This site is optimized with the Yoast SEO plugin v17.2 - https:\/\/yoast.com\/wordpress\/plugins\/seo\/ -->\n<title>Notre vision - Association des Administrateurs du Congo<\/title>\n<meta name=\"robots\" content=\"index, follow, max-snippet:-1, max-image-preview:large, max-video-preview:-1\" \/>\n<link rel=\"canonical\" href=\"https:\/\/administrateursrdc.com\/v\/notre-vision\/\" \/>\n<meta property=\"og:locale\" content=\"fr_FR\" \/>\n<meta property=\"og:type\" content=\"article\" \/>\n<meta property=\"og:title\" content=\"Notre vision - Association des Administrateurs du Congo\" \/>\n<meta property=\"og:description\" content=\"[vc_row full_width=&#8221;stretch_row&#8221; css=&#8221;.vc_custom_1538810623537{margin-top: 0px !important;margin-bottom: 0px !important;padding-top: 70px !important;padding-bottom: 40px !important;background-color: #ffffff !important;}&#8221;][vc_column css=&#8221;.vc_custom_1538810524253{margin-top: -8px !important;margin-bottom: 0px !important;padding-top: 0px !important;padding-bottom: 0px !important;}&#8221;][vc_custom_heading text=&#8221;Notre vision&#8221; font_container=&#8221;tag:h1|font_size:30px|text_align:left|line_height:40px&#8221; use_theme_fonts=&#8221;yes&#8221; el_class=&#8221;font-weight-bold&#8221; css=&#8221;.vc_custom_1623463060645{margin-top: 0px !important;margin-bottom: 15px !important;}&#8221;][vc_column_text css=&#8221;.vc_custom_1643792022728{margin-top: 0px !important;margin-bottom: 20px !important;}&#8221;]Sous toutes les latitudes, la vie \u00e9conomique et financi\u00e8re a connu une profonde crise au cours des derni\u00e8res ann\u00e9es. [&hellip;]\" \/>\n<meta property=\"og:url\" content=\"https:\/\/administrateursrdc.com\/v\/notre-vision\/\" \/>\n<meta property=\"og:site_name\" content=\"Association des Administrateurs du Congo\" \/>\n<meta property=\"article:modified_time\" content=\"2022-02-02T08:53:50+00:00\" \/>\n<meta property=\"og:image\" content=\"https:\/\/administrateursrdc.com\/v\/wp-content\/uploads\/2022\/02\/adacsite-300x300.jpg\" \/>\n<meta name=\"twitter:card\" content=\"summary_large_image\" \/>\n<meta name=\"twitter:label1\" content=\"Dur\u00e9e de lecture est.\" \/>\n\t<meta name=\"twitter:data1\" content=\"3 minutes\" \/>\n<script type=\"application\/ld+json\" class=\"yoast-schema-graph\">{\"@context\":\"https:\/\/schema.org\",\"@graph\":[{\"@type\":\"WebSite\",\"@id\":\"https:\/\/administrateursrdc.com\/v\/#website\",\"url\":\"https:\/\/administrateursrdc.com\/v\/\",\"name\":\"Association des Administrateurs du Congo\",\"description\":\"\",\"potentialAction\":[{\"@type\":\"SearchAction\",\"target\":{\"@type\":\"EntryPoint\",\"urlTemplate\":\"https:\/\/administrateursrdc.com\/v\/?s={search_term_string}\"},\"query-input\":\"required name=search_term_string\"}],\"inLanguage\":\"fr-FR\"},{\"@type\":\"ImageObject\",\"@id\":\"https:\/\/administrateursrdc.com\/v\/notre-vision\/#primaryimage\",\"inLanguage\":\"fr-FR\",\"url\":\"https:\/\/administrateursrdc.com\/v\/wp-content\/uploads\/2022\/02\/adacsite.jpg\",\"contentUrl\":\"https:\/\/administrateursrdc.com\/v\/wp-content\/uploads\/2022\/02\/adacsite.jpg\",\"width\":2048,\"height\":2048},{\"@type\":\"WebPage\",\"@id\":\"https:\/\/administrateursrdc.com\/v\/notre-vision\/#webpage\",\"url\":\"https:\/\/administrateursrdc.com\/v\/notre-vision\/\",\"name\":\"Notre vision - Association des Administrateurs du Congo\",\"isPartOf\":{\"@id\":\"https:\/\/administrateursrdc.com\/v\/#website\"},\"primaryImageOfPage\":{\"@id\":\"https:\/\/administrateursrdc.com\/v\/notre-vision\/#primaryimage\"},\"datePublished\":\"2021-06-12T01:57:22+00:00\",\"dateModified\":\"2022-02-02T08:53:50+00:00\",\"breadcrumb\":{\"@id\":\"https:\/\/administrateursrdc.com\/v\/notre-vision\/#breadcrumb\"},\"inLanguage\":\"fr-FR\",\"potentialAction\":[{\"@type\":\"ReadAction\",\"target\":[\"https:\/\/administrateursrdc.com\/v\/notre-vision\/\"]}]},{\"@type\":\"BreadcrumbList\",\"@id\":\"https:\/\/administrateursrdc.com\/v\/notre-vision\/#breadcrumb\",\"itemListElement\":[{\"@type\":\"ListItem\",\"position\":1,\"name\":\"Accueil\",\"item\":\"https:\/\/administrateursrdc.com\/v\/\"},{\"@type\":\"ListItem\",\"position\":2,\"name\":\"Notre vision\"}]}]}<\/script>\n<!-- \/ Yoast SEO plugin. -->","yoast_head_json":{"title":"Notre vision - Association des Administrateurs du Congo","robots":{"index":"index","follow":"follow","max-snippet":"max-snippet:-1","max-image-preview":"max-image-preview:large","max-video-preview":"max-video-preview:-1"},"canonical":"https:\/\/administrateursrdc.com\/v\/notre-vision\/","og_locale":"fr_FR","og_type":"article","og_title":"Notre vision - Association des Administrateurs du Congo","og_description":"[vc_row full_width=&#8221;stretch_row&#8221; css=&#8221;.vc_custom_1538810623537{margin-top: 0px !important;margin-bottom: 0px !important;padding-top: 70px !important;padding-bottom: 40px !important;background-color: #ffffff !important;}&#8221;][vc_column css=&#8221;.vc_custom_1538810524253{margin-top: -8px !important;margin-bottom: 0px !important;padding-top: 0px !important;padding-bottom: 0px !important;}&#8221;][vc_custom_heading text=&#8221;Notre vision&#8221; font_container=&#8221;tag:h1|font_size:30px|text_align:left|line_height:40px&#8221; use_theme_fonts=&#8221;yes&#8221; el_class=&#8221;font-weight-bold&#8221; css=&#8221;.vc_custom_1623463060645{margin-top: 0px !important;margin-bottom: 15px !important;}&#8221;][vc_column_text css=&#8221;.vc_custom_1643792022728{margin-top: 0px !important;margin-bottom: 20px !important;}&#8221;]Sous toutes les latitudes, la vie \u00e9conomique et financi\u00e8re a connu une profonde crise au cours des derni\u00e8res ann\u00e9es. [&hellip;]","og_url":"https:\/\/administrateursrdc.com\/v\/notre-vision\/","og_site_name":"Association des Administrateurs du Congo","article_modified_time":"2022-02-02T08:53:50+00:00","og_image":[{"url":"https:\/\/administrateursrdc.com\/v\/wp-content\/uploads\/2022\/02\/adacsite-300x300.jpg"}],"twitter_card":"summary_large_image","twitter_misc":{"Dur\u00e9e de lecture est.":"3 minutes"},"schema":{"@context":"https:\/\/schema.org","@graph":[{"@type":"WebSite","@id":"https:\/\/administrateursrdc.com\/v\/#website","url":"https:\/\/administrateursrdc.com\/v\/","name":"Association des Administrateurs du Congo","description":"","potentialAction":[{"@type":"SearchAction","target":{"@type":"EntryPoint","urlTemplate":"https:\/\/administrateursrdc.com\/v\/?s={search_term_string}"},"query-input":"required name=search_term_string"}],"inLanguage":"fr-FR"},{"@type":"ImageObject","@id":"https:\/\/administrateursrdc.com\/v\/notre-vision\/#primaryimage","inLanguage":"fr-FR","url":"https:\/\/administrateursrdc.com\/v\/wp-content\/uploads\/2022\/02\/adacsite.jpg","contentUrl":"https:\/\/administrateursrdc.com\/v\/wp-content\/uploads\/2022\/02\/adacsite.jpg","width":2048,"height":2048},{"@type":"WebPage","@id":"https:\/\/administrateursrdc.com\/v\/notre-vision\/#webpage","url":"https:\/\/administrateursrdc.com\/v\/notre-vision\/","name":"Notre vision - Association des Administrateurs du Congo","isPartOf":{"@id":"https:\/\/administrateursrdc.com\/v\/#website"},"primaryImageOfPage":{"@id":"https:\/\/administrateursrdc.com\/v\/notre-vision\/#primaryimage"},"datePublished":"2021-06-12T01:57:22+00:00","dateModified":"2022-02-02T08:53:50+00:00","breadcrumb":{"@id":"https:\/\/administrateursrdc.com\/v\/notre-vision\/#breadcrumb"},"inLanguage":"fr-FR","potentialAction":[{"@type":"ReadAction","target":["https:\/\/administrateursrdc.com\/v\/notre-vision\/"]}]},{"@type":"BreadcrumbList","@id":"https:\/\/administrateursrdc.com\/v\/notre-vision\/#breadcrumb","itemListElement":[{"@type":"ListItem","position":1,"name":"Accueil","item":"https:\/\/administrateursrdc.com\/v\/"},{"@type":"ListItem","position":2,"name":"Notre vision"}]}]}},"_links":{"self":[{"href":"https:\/\/administrateursrdc.com\/v\/wp-json\/wp\/v2\/pages\/8653","targetHints":{"allow":["GET"]}}],"collection":[{"href":"https:\/\/administrateursrdc.com\/v\/wp-json\/wp\/v2\/pages"}],"about":[{"href":"https:\/\/administrateursrdc.com\/v\/wp-json\/wp\/v2\/types\/page"}],"author":[{"embeddable":true,"href":"https:\/\/administrateursrdc.com\/v\/wp-json\/wp\/v2\/users\/1"}],"replies":[{"embeddable":true,"href":"https:\/\/administrateursrdc.com\/v\/wp-json\/wp\/v2\/comments?post=8653"}],"version-history":[{"count":22,"href":"https:\/\/administrateursrdc.com\/v\/wp-json\/wp\/v2\/pages\/8653\/revisions"}],"predecessor-version":[{"id":9000,"href":"https:\/\/administrateursrdc.com\/v\/wp-json\/wp\/v2\/pages\/8653\/revisions\/9000"}],"wp:attachment":[{"href":"https:\/\/administrateursrdc.com\/v\/wp-json\/wp\/v2\/media?parent=8653"}],"curies":[{"name":"wp","href":"https:\/\/api.w.org\/{rel}","templated":true}]}}