{"id":8643,"date":"2021-06-12T01:46:23","date_gmt":"2021-06-12T01:46:23","guid":{"rendered":"https:\/\/administrateursrdc.com\/v\/?page_id=8643"},"modified":"2021-09-26T16:36:44","modified_gmt":"2021-09-26T16:36:44","slug":"notre-raison-detre","status":"publish","type":"page","link":"https:\/\/administrateursrdc.com\/v\/notre-raison-detre\/","title":{"rendered":"Notre raison d\u2019\u00eatre"},"content":{"rendered":"<p>[vc_row full_width=&#8221;stretch_row&#8221; css=&#8221;.vc_custom_1538810623537{margin-top: 0px !important;margin-bottom: 0px !important;padding-top: 70px !important;padding-bottom: 40px !important;background-color: #ffffff !important;}&#8221;][vc_column css=&#8221;.vc_custom_1538810524253{margin-top: -8px !important;margin-bottom: 0px !important;padding-top: 0px !important;padding-bottom: 0px !important;}&#8221;][vc_custom_heading text=&#8221;Notre raison d\u2019\u00eatre&#8221; font_container=&#8221;tag:h1|font_size:30px|text_align:left|line_height:40px&#8221; use_theme_fonts=&#8221;yes&#8221; el_class=&#8221;font-weight-bold&#8221; css=&#8221;.vc_custom_1623462785861{margin-top: 0px !important;margin-bottom: 15px !important;}&#8221;][vc_column_text css=&#8221;.vc_custom_1623815624156{margin-top: 0px !important;margin-bottom: 20px !important;}&#8221;]<img loading=\"lazy\" decoding=\"async\" class=\"alignright wp-image-8730\" src=\"https:\/\/administrateursrdc.com\/v\/wp-content\/uploads\/2021\/06\/nre.jpg\" alt=\"\" width=\"400\" height=\"533\" srcset=\"https:\/\/administrateursrdc.com\/v\/wp-content\/uploads\/2021\/06\/nre.jpg 750w, https:\/\/administrateursrdc.com\/v\/wp-content\/uploads\/2021\/06\/nre-225x300.jpg 225w\" sizes=\"auto, (max-width: 400px) 100vw, 400px\" \/>Notre exp\u00e9rience professionnelle nous am\u00e8ne \u00e0 faire le constat que de nombreux points d\u2019am\u00e9lioration subsistent, dans les entreprises de notre pays, en termes de gouvernance.[\/vc_column_text][vc_column_text css=&#8221;.vc_custom_1627750554172{margin-top: 0px !important;margin-bottom: 20px !important;}&#8221;]A titre d\u2019exemple, c<em>ela peut concerner les sujets suivants :<\/em><\/p>\n<p>&nbsp;<\/p>\n<p style=\"text-align: left;\"><span style=\"color: #000000;\"><strong>Respect et application stricte du droit \u00ab OHADA \u00bb<\/strong><\/span><\/p>\n<p><em>en particulier dans les structures constitu\u00e9es sous la forme de soci\u00e9t\u00e9 anonyme et de SARL.<\/em><\/p>\n<p>&nbsp;<\/p>\n<p style=\"text-align: left;\"><span style=\"color: #000000;\"><strong>Vulgarisation de la r\u00e8glementation des changes et des normes prudentielles<\/strong> <\/span><\/p>\n<p><em>en particulier dans les \u00e9tablissements bancaires et financiers.<\/em><\/p>\n<p>&nbsp;<\/p>\n<p style=\"text-align: left;\"><strong><span style=\"color: #000000;\">Clarification des r\u00f4les et responsabilit\u00e9s <\/span><\/strong><\/p>\n<p>pour les membres du conseil d\u2019administration des soci\u00e9t\u00e9s anonymes.<\/p>\n<p>&nbsp;<\/p>\n<p style=\"text-align: left;\"><strong><span style=\"color: #000000;\">Communication des entreprises publiques et priv\u00e9es <\/span><\/strong><\/p>\n<p>vers l\u2019ensemble des parties prenantes (et non plus uniquement vers les actionnaires) en particulier vis-\u00e0-vis des clients, des fournisseurs et du grand public.<\/p>\n<p>&nbsp;<\/p>\n<p style=\"text-align: left;\"><span style=\"color: #000000;\"><strong>Ind\u00e9pendance des comit\u00e9s d\u2019audi<\/strong><strong>t<\/strong><\/span><\/p>\n<p>mis en place dans les conseils d\u2019administration et respect des normes \u00ab IIA \u00bb (Institut des auditeurs internes).<\/p>\n<p>&nbsp;<\/p>\n<p style=\"text-align: left;\"><span style=\"color: #000000;\"><strong>Mise en place de \u00ab plans de continuit\u00e9 d\u2019actions \u00bb <\/strong><\/span><\/p>\n<p>qui se sont pourtant av\u00e9r\u00e9s totalement d\u00e9cisifs dans un contexte international marqu\u00e9 par l\u2019exemple de la pand\u00e9mie COVID-19.<\/p>\n<p>&nbsp;<\/p>\n<p style=\"text-align: left;\"><span style=\"color: #000000;\"><strong>Evaluation r\u00e9currente de la performance des administrateurs<\/strong><\/span><\/p>\n<p style=\"text-align: left;\">des soci\u00e9t\u00e9s anonymes et de certaines soci\u00e9t\u00e9s par actions simplifi\u00e9es.<\/p>\n<p>&nbsp;<\/p>\n<p style=\"text-align: left;\"><span style=\"color: #0000ff;\"><span style=\"color: #000000;\"><strong>D\u00e9finition de r\u00e8gles d\u2019\u00e9thiques et de bonne cond<\/strong><strong>uite<\/strong><\/span><\/span><\/p>\n<p>destin\u00e9es notamment \u00e0 lutter contre les conflits d\u2019int\u00e9r\u00eats au sein des instances dirigeantes des entreprises.<\/p>\n<p>&nbsp;<\/p>\n<p style=\"text-align: left;\"><span style=\"color: #0000ff;\"><span style=\"color: #000000;\"><strong>Int\u00e9r\u00eat pour la \u00ab RSE<\/strong><em><strong> \u00bb<\/strong><\/em><\/span><\/span><\/p>\n<p>de plus en plus appr\u00e9hend\u00e9e par les investisseurs ext\u00e9rieurs dans leur d\u00e9cision de prise de participation.[\/vc_column_text][vc_column_text css=&#8221;.vc_custom_1627843557488{margin-top: 0px !important;margin-bottom: 20px !important;}&#8221;]Afin de sensibiliser l\u2019ensemble des d\u00e9cideurs \u00e9conomiques congolais sur ces points strat\u00e9giques et surtout d\u2019\u00eatre force de proposition en termes d\u2019actions correctives, une Association sans but lucratif a \u00e9t\u00e9 cr\u00e9e le 28 Septembre 2020, d\u00e9nomm\u00e9e \u00ab Association Des Administrateurs du Congo\u00bb (en sigle \u00abADAC\u00bb).<\/p>\n<p><a href=\"https:\/\/administrateursrdc.com\/v\/nos-textes-et-statuts\/\">Nos documents officiels peuvent \u00eatre consult\u00e9s ici.<\/a><\/p>\n<p>L\u2019ADAC, qui exclue toute tendance \u00e0 caract\u00e8re politique et religieux, est notamment r\u00e9gie par la <span style=\"color: #0000ff;\"><strong>loi n\u00b0 004\/2001 du 20 juillet 2001<\/strong><\/span> portant dispositions g\u00e9n\u00e9rales applicables aux associations sans but lucratif et aux \u00e9tablissements d\u2019utilit\u00e9 publique.[\/vc_column_text][\/vc_column][\/vc_row]<\/p>\n","protected":false},"excerpt":{"rendered":"<p>[vc_row full_width=&#8221;stretch_row&#8221; css=&#8221;.vc_custom_1538810623537{margin-top: 0px !important;margin-bottom: 0px !important;padding-top: 70px !important;padding-bottom: 40px !important;background-color: #ffffff !important;}&#8221;][vc_column css=&#8221;.vc_custom_1538810524253{margin-top: -8px !important;margin-bottom: 0px !important;padding-top: 0px !important;padding-bottom: 0px !important;}&#8221;][vc_custom_heading text=&#8221;Notre raison d\u2019\u00eatre&#8221; font_container=&#8221;tag:h1|font_size:30px|text_align:left|line_height:40px&#8221; use_theme_fonts=&#8221;yes&#8221; el_class=&#8221;font-weight-bold&#8221; css=&#8221;.vc_custom_1623462785861{margin-top: 0px !important;margin-bottom: 15px !important;}&#8221;][vc_column_text css=&#8221;.vc_custom_1623815624156{margin-top: 0px !important;margin-bottom: 20px !important;}&#8221;]Notre exp\u00e9rience professionnelle nous am\u00e8ne \u00e0 faire le constat que de nombreux points d\u2019am\u00e9lioration subsistent, dans les entreprises [&hellip;]<\/p>\n","protected":false},"author":1,"featured_media":0,"parent":0,"menu_order":0,"comment_status":"closed","ping_status":"closed","template":"","meta":{"footnotes":""},"class_list":["post-8643","page","type-page","status-publish","hentry"],"yoast_head":"<!-- This site is optimized with the Yoast SEO plugin v17.2 - https:\/\/yoast.com\/wordpress\/plugins\/seo\/ -->\n<title>Notre raison d\u2019\u00eatre - Association des Administrateurs du Congo<\/title>\n<meta name=\"description\" content=\"L&#039;ADAC sensibilise, depuis 2020, l\u2019ensemble des d\u00e9cideurs \u00e9conomiques congolais sur la mise aux normes de la gouvernance d&#039;entreprise.\" \/>\n<meta name=\"robots\" content=\"index, follow, max-snippet:-1, max-image-preview:large, max-video-preview:-1\" \/>\n<link rel=\"canonical\" href=\"https:\/\/administrateursrdc.com\/v\/notre-raison-detre\/\" \/>\n<meta property=\"og:locale\" content=\"fr_FR\" \/>\n<meta property=\"og:type\" content=\"article\" \/>\n<meta property=\"og:title\" content=\"Notre raison d\u2019\u00eatre - Association des Administrateurs du Congo\" \/>\n<meta property=\"og:description\" content=\"L&#039;ADAC sensibilise, depuis 2020, l\u2019ensemble des d\u00e9cideurs \u00e9conomiques congolais sur la mise aux normes de la gouvernance d&#039;entreprise.\" \/>\n<meta property=\"og:url\" content=\"https:\/\/administrateursrdc.com\/v\/notre-raison-detre\/\" \/>\n<meta property=\"og:site_name\" content=\"Association des Administrateurs du Congo\" \/>\n<meta property=\"article:modified_time\" content=\"2021-09-26T16:36:44+00:00\" \/>\n<meta property=\"og:image\" content=\"https:\/\/administrateursrdc.com\/v\/wp-content\/uploads\/2021\/06\/nre.jpg\" \/>\n<meta name=\"twitter:card\" content=\"summary_large_image\" \/>\n<meta name=\"twitter:label1\" content=\"Dur\u00e9e de lecture est.\" \/>\n\t<meta name=\"twitter:data1\" content=\"2 minutes\" \/>\n<script type=\"application\/ld+json\" class=\"yoast-schema-graph\">{\"@context\":\"https:\/\/schema.org\",\"@graph\":[{\"@type\":\"WebSite\",\"@id\":\"https:\/\/administrateursrdc.com\/v\/#website\",\"url\":\"https:\/\/administrateursrdc.com\/v\/\",\"name\":\"Association des Administrateurs du Congo\",\"description\":\"\",\"potentialAction\":[{\"@type\":\"SearchAction\",\"target\":{\"@type\":\"EntryPoint\",\"urlTemplate\":\"https:\/\/administrateursrdc.com\/v\/?s={search_term_string}\"},\"query-input\":\"required name=search_term_string\"}],\"inLanguage\":\"fr-FR\"},{\"@type\":\"ImageObject\",\"@id\":\"https:\/\/administrateursrdc.com\/v\/notre-raison-detre\/#primaryimage\",\"inLanguage\":\"fr-FR\",\"url\":\"https:\/\/administrateursrdc.com\/v\/wp-content\/uploads\/2021\/06\/nre.jpg\",\"contentUrl\":\"https:\/\/administrateursrdc.com\/v\/wp-content\/uploads\/2021\/06\/nre.jpg\",\"width\":750,\"height\":1000},{\"@type\":\"WebPage\",\"@id\":\"https:\/\/administrateursrdc.com\/v\/notre-raison-detre\/#webpage\",\"url\":\"https:\/\/administrateursrdc.com\/v\/notre-raison-detre\/\",\"name\":\"Notre raison d\\u2019\\u00eatre - Association des Administrateurs du Congo\",\"isPartOf\":{\"@id\":\"https:\/\/administrateursrdc.com\/v\/#website\"},\"primaryImageOfPage\":{\"@id\":\"https:\/\/administrateursrdc.com\/v\/notre-raison-detre\/#primaryimage\"},\"datePublished\":\"2021-06-12T01:46:23+00:00\",\"dateModified\":\"2021-09-26T16:36:44+00:00\",\"description\":\"L'ADAC sensibilise, depuis 2020, l\\u2019ensemble des d\\u00e9cideurs \\u00e9conomiques congolais sur la mise aux normes de la gouvernance d'entreprise.\",\"breadcrumb\":{\"@id\":\"https:\/\/administrateursrdc.com\/v\/notre-raison-detre\/#breadcrumb\"},\"inLanguage\":\"fr-FR\",\"potentialAction\":[{\"@type\":\"ReadAction\",\"target\":[\"https:\/\/administrateursrdc.com\/v\/notre-raison-detre\/\"]}]},{\"@type\":\"BreadcrumbList\",\"@id\":\"https:\/\/administrateursrdc.com\/v\/notre-raison-detre\/#breadcrumb\",\"itemListElement\":[{\"@type\":\"ListItem\",\"position\":1,\"name\":\"Accueil\",\"item\":\"https:\/\/administrateursrdc.com\/v\/\"},{\"@type\":\"ListItem\",\"position\":2,\"name\":\"Notre raison d\\u2019\\u00eatre\"}]}]}<\/script>\n<!-- \/ Yoast SEO plugin. -->","yoast_head_json":{"title":"Notre raison d\u2019\u00eatre - Association des Administrateurs du Congo","description":"L'ADAC sensibilise, depuis 2020, l\u2019ensemble des d\u00e9cideurs \u00e9conomiques congolais sur la mise aux normes de la gouvernance d'entreprise.","robots":{"index":"index","follow":"follow","max-snippet":"max-snippet:-1","max-image-preview":"max-image-preview:large","max-video-preview":"max-video-preview:-1"},"canonical":"https:\/\/administrateursrdc.com\/v\/notre-raison-detre\/","og_locale":"fr_FR","og_type":"article","og_title":"Notre raison d\u2019\u00eatre - Association des Administrateurs du Congo","og_description":"L'ADAC sensibilise, depuis 2020, l\u2019ensemble des d\u00e9cideurs \u00e9conomiques congolais sur la mise aux normes de la gouvernance d'entreprise.","og_url":"https:\/\/administrateursrdc.com\/v\/notre-raison-detre\/","og_site_name":"Association des Administrateurs du Congo","article_modified_time":"2021-09-26T16:36:44+00:00","og_image":[{"url":"https:\/\/administrateursrdc.com\/v\/wp-content\/uploads\/2021\/06\/nre.jpg"}],"twitter_card":"summary_large_image","twitter_misc":{"Dur\u00e9e de lecture est.":"2 minutes"},"schema":{"@context":"https:\/\/schema.org","@graph":[{"@type":"WebSite","@id":"https:\/\/administrateursrdc.com\/v\/#website","url":"https:\/\/administrateursrdc.com\/v\/","name":"Association des Administrateurs du Congo","description":"","potentialAction":[{"@type":"SearchAction","target":{"@type":"EntryPoint","urlTemplate":"https:\/\/administrateursrdc.com\/v\/?s={search_term_string}"},"query-input":"required name=search_term_string"}],"inLanguage":"fr-FR"},{"@type":"ImageObject","@id":"https:\/\/administrateursrdc.com\/v\/notre-raison-detre\/#primaryimage","inLanguage":"fr-FR","url":"https:\/\/administrateursrdc.com\/v\/wp-content\/uploads\/2021\/06\/nre.jpg","contentUrl":"https:\/\/administrateursrdc.com\/v\/wp-content\/uploads\/2021\/06\/nre.jpg","width":750,"height":1000},{"@type":"WebPage","@id":"https:\/\/administrateursrdc.com\/v\/notre-raison-detre\/#webpage","url":"https:\/\/administrateursrdc.com\/v\/notre-raison-detre\/","name":"Notre raison d\u2019\u00eatre - Association des Administrateurs du Congo","isPartOf":{"@id":"https:\/\/administrateursrdc.com\/v\/#website"},"primaryImageOfPage":{"@id":"https:\/\/administrateursrdc.com\/v\/notre-raison-detre\/#primaryimage"},"datePublished":"2021-06-12T01:46:23+00:00","dateModified":"2021-09-26T16:36:44+00:00","description":"L'ADAC sensibilise, depuis 2020, l\u2019ensemble des d\u00e9cideurs \u00e9conomiques congolais sur la mise aux normes de la gouvernance d'entreprise.","breadcrumb":{"@id":"https:\/\/administrateursrdc.com\/v\/notre-raison-detre\/#breadcrumb"},"inLanguage":"fr-FR","potentialAction":[{"@type":"ReadAction","target":["https:\/\/administrateursrdc.com\/v\/notre-raison-detre\/"]}]},{"@type":"BreadcrumbList","@id":"https:\/\/administrateursrdc.com\/v\/notre-raison-detre\/#breadcrumb","itemListElement":[{"@type":"ListItem","position":1,"name":"Accueil","item":"https:\/\/administrateursrdc.com\/v\/"},{"@type":"ListItem","position":2,"name":"Notre raison d\u2019\u00eatre"}]}]}},"_links":{"self":[{"href":"https:\/\/administrateursrdc.com\/v\/wp-json\/wp\/v2\/pages\/8643","targetHints":{"allow":["GET"]}}],"collection":[{"href":"https:\/\/administrateursrdc.com\/v\/wp-json\/wp\/v2\/pages"}],"about":[{"href":"https:\/\/administrateursrdc.com\/v\/wp-json\/wp\/v2\/types\/page"}],"author":[{"embeddable":true,"href":"https:\/\/administrateursrdc.com\/v\/wp-json\/wp\/v2\/users\/1"}],"replies":[{"embeddable":true,"href":"https:\/\/administrateursrdc.com\/v\/wp-json\/wp\/v2\/comments?post=8643"}],"version-history":[{"count":25,"href":"https:\/\/administrateursrdc.com\/v\/wp-json\/wp\/v2\/pages\/8643\/revisions"}],"predecessor-version":[{"id":8868,"href":"https:\/\/administrateursrdc.com\/v\/wp-json\/wp\/v2\/pages\/8643\/revisions\/8868"}],"wp:attachment":[{"href":"https:\/\/administrateursrdc.com\/v\/wp-json\/wp\/v2\/media?parent=8643"}],"curies":[{"name":"wp","href":"https:\/\/api.w.org\/{rel}","templated":true}]}}